{"id":10,"date":"2021-05-26T08:50:31","date_gmt":"2021-05-26T14:50:31","guid":{"rendered":"https:\/\/nicaragua.wordcamp.org\/2021\/sponsors\/"},"modified":"2021-10-03T19:40:06","modified_gmt":"2021-10-04T01:40:06","slug":"sponsors","status":"publish","type":"page","link":"https:\/\/nicaragua.wordcamp.org\/2021\/sponsors\/","title":{"rendered":"Patrocinadores"},"content":{"rendered":"\n<h2 class=\"wp-block-heading\">Conoce a nuestros patrocinadores<\/h2>\n\n\n\n<p class=\"wp-block-paragraph\">Muchas gracias a todos los patrocinadores que hacen posible el WordCamp Nicaragua 2021.<\/p>\n\n\n\n<h3 class=\"has-text-align-center wp-block-heading\">Cocibolca<\/h3>\n\n\n<ul class=\"wordcamp-block wordcamp-post-list has-layout-list wordcamp-sponsors\"><li class=\"wordcamp-post-list__post wordcamp-clearfix\">\n<div class=\"wordcamp-sponsor wordcamp-sponsors__post slug-boombit\">\n\t\t\t<h3 class=\"wordcamp-block__item-title wordcamp-sponsors__title\"><a href=\"https:\/\/nicaragua.wordcamp.org\/2021\/sponsor\/boombit\/\">Boombit<\/a><\/h3>\t\n\t\t\t<div class=\"wordcamp-image__featured-image-container wordcamp-sponsors__featured-image wordcamp-sponsors__logo align-none\"><a href=\"https:\/\/nicaragua.wordcamp.org\/2021\/sponsor\/boombit\/\" class=\"wordcamp-image__featured-image-link\"><img loading=\"lazy\" decoding=\"async\" width=\"360\" height=\"64\" src=\"https:\/\/nicaragua.wordcamp.org\/2021\/files\/2021\/09\/boombit-logo-dark.png\" class=\"wordcamp-image__featured-image wp-post-image\" alt=\"\" srcset=\"https:\/\/nicaragua.wordcamp.org\/2021\/files\/2021\/09\/boombit-logo-dark.png 360w, https:\/\/nicaragua.wordcamp.org\/2021\/files\/2021\/09\/boombit-logo-dark-300x53.png 300w\" sizes=\"auto, (max-width: 360px) 100vw, 360px\" \/><\/a><\/div>\t\n\t\t\t<div class=\"wordcamp-block__item-content wordcamp-sponsors__content is-full\"><\/div>\t<\/div>\n\n<\/li><li class=\"wordcamp-post-list__post wordcamp-clearfix\">\n<div class=\"wordcamp-sponsor wordcamp-sponsors__post slug-siteground\">\n\t\t\t<h3 class=\"wordcamp-block__item-title wordcamp-sponsors__title\"><a href=\"https:\/\/nicaragua.wordcamp.org\/2021\/sponsor\/siteground\/\">Siteground<\/a><\/h3>\t\n\t\t\t<div class=\"wordcamp-image__featured-image-container wordcamp-sponsors__featured-image wordcamp-sponsors__logo align-none\"><a href=\"https:\/\/nicaragua.wordcamp.org\/2021\/sponsor\/siteground\/\" class=\"wordcamp-image__featured-image-link\"><img loading=\"lazy\" decoding=\"async\" width=\"287\" height=\"59\" src=\"https:\/\/nicaragua.wordcamp.org\/2021\/files\/2021\/09\/siteground-logo-negro-transparente-vector.png\" class=\"wordcamp-image__featured-image wp-post-image\" alt=\"\" \/><\/a><\/div>\t\n\t\t\t<div class=\"wordcamp-block__item-content wordcamp-sponsors__content is-full\"><p class=\"wp-block-paragraph\">El&nbsp;<strong><a href=\"https:\/\/es.siteground.com\" rel=\"nofollow\">hosting de SiteGround<\/a><\/strong>&nbsp;&nbsp;es tu billete a una web de alto rendimiento f\u00e1cil de administrar. Nuestros sofisticados servicios de hosting est\u00e1n dise\u00f1ados para webs personales, negocios online y proyectos empresariales, y traen herramientas espec\u00edficas para WordPress que les encantan a los clientes. Comenzar o migrar una web, optimizar el rendimiento y administrar una web nunca ha sido tan f\u00e1cil gracias a las herramientas internas inteligentes dise\u00f1adas para WordPress. Nuestro soporte gur\u00fa est\u00e1 disponible las 24 horas del d\u00eda, los 7 d\u00edas de la semana por tel\u00e9fono, chat y tickets. Ser\u00e1s atendido por expertos en WordPress.<\/p>\n<p class=\"wp-block-paragraph\">Desde 2004, ayudamos a la gente a crear mejores webs, m\u00e1s r\u00e1pidas y m\u00e1s seguras con servicios de hosting gestionado. Nuestra misi\u00f3n es impulsar sitios web y \u00e9sa es la raz\u00f3n por las que SiteGround participa activamente en la comunidad WordPress y en las WordCamps a escala global. Estamos orgullosos de ser patrocinadores de la WordCamp Nicaragua 2021 y apoyar a la comunidad local.<\/p>\n<\/div>\t<\/div>\n\n<\/li><li class=\"wordcamp-post-list__post wordcamp-clearfix\">\n<div class=\"wordcamp-sponsor wordcamp-sponsors__post slug-yoast\">\n\t\t\t<h3 class=\"wordcamp-block__item-title wordcamp-sponsors__title\"><a href=\"https:\/\/nicaragua.wordcamp.org\/2021\/sponsor\/yoast\/\">Yoast<\/a><\/h3>\t\n\t\t\t<div class=\"wordcamp-image__featured-image-container wordcamp-sponsors__featured-image wordcamp-sponsors__logo align-none\"><a href=\"https:\/\/nicaragua.wordcamp.org\/2021\/sponsor\/yoast\/\" class=\"wordcamp-image__featured-image-link\"><img loading=\"lazy\" decoding=\"async\" width=\"600\" height=\"109\" src=\"https:\/\/nicaragua.wordcamp.org\/2021\/files\/2021\/09\/Yoast_Logo_tagline_Large_RGB_Horiz-768x140.png\" class=\"wordcamp-image__featured-image wp-post-image\" alt=\"\" srcset=\"https:\/\/nicaragua.wordcamp.org\/2021\/files\/2021\/09\/Yoast_Logo_tagline_Large_RGB_Horiz-768x140.png 768w, https:\/\/nicaragua.wordcamp.org\/2021\/files\/2021\/09\/Yoast_Logo_tagline_Large_RGB_Horiz-300x55.png 300w, https:\/\/nicaragua.wordcamp.org\/2021\/files\/2021\/09\/Yoast_Logo_tagline_Large_RGB_Horiz-1024x187.png 1024w, https:\/\/nicaragua.wordcamp.org\/2021\/files\/2021\/09\/Yoast_Logo_tagline_Large_RGB_Horiz-500x91.png 500w, https:\/\/nicaragua.wordcamp.org\/2021\/files\/2021\/09\/Yoast_Logo_tagline_Large_RGB_Horiz-1200x219.png 1200w, https:\/\/nicaragua.wordcamp.org\/2021\/files\/2021\/09\/Yoast_Logo_tagline_Large_RGB_Horiz.png 1214w\" sizes=\"auto, (max-width: 600px) 100vw, 600px\" \/><\/a><\/div>\t\n\t\t\t<div class=\"wordcamp-block__item-content wordcamp-sponsors__content is-full\"><p class=\"wp-block-paragraph\">Somos Yoast, \u00a1y estamos aqu\u00ed para ayudarte con el posicionamiento de tu sitio en los buscadores! Nuestro plugin <a href=\"https:\/\/yoast.com\/wordpress\/plugins\/seo\/\" target=\"_blank\" rel=\"noreferrer noopener nofollow\">Yoast SEO<\/a> te proporciona informaci\u00f3n sobre la legibilidad de tu contenido, indic\u00e1ndote la calidad del mismo con <a href=\"https:\/\/yoast.com\/yoast-seo-readability-analysis\/\" target=\"_blank\" rel=\"noreferrer noopener nofollow\">luces verdes, naranjas o rojas<\/a>. Adem\u00e1s, el plugin te ayuda con aspectos t\u00e9cnicos, <a href=\"https:\/\/yoast.com\/wordpress\/plugins\/seo\/schema-tab\/\" target=\"_blank\" rel=\"noreferrer noopener nofollow\">a\u00f1adiendo el Schema correcto a tus p\u00e1ginas<\/a>, o proporcionando <a href=\"https:\/\/yoast.com\/features\/internal-linking-suggestions\/\" target=\"_blank\" rel=\"noreferrer noopener nofollow\">sugerencias de enlaces internos<\/a>. Adem\u00e1s, recientemente hemos creado <a href=\"https:\/\/yoast.com\/features\/seo-workouts\/\" target=\"_blank\" rel=\"noreferrer noopener nofollow\">ejercicios SEO<\/a> que te gu\u00edan a trav\u00e9s de los desaf\u00edos m\u00e1s comunes de SEO con un flujo de trabajo f\u00e1cil paso a paso. Pero ten en cuenta: \u00a1estas son solo algunas de las muchas <a href=\"https:\/\/yoast.com\/features\/\" target=\"_blank\" rel=\"noreferrer noopener nofollow\">caracter\u00edsticas<\/a>!<br \/><strong>Yoast SEO:<\/strong><\/p>\n<ul class=\"wp-block-list\">\n<li>Es el plugin de SEO m\u00e1s descargado (+ de 11 millones de descargas activas)<\/li>\n<li>Te ayuda a conseguir m\u00e1s visitas desde Google, Bing y las redes sociales<\/li>\n<li>Se encarga de los aspectos t\u00e9cnicos y te ayuda a crear contenido incre\u00edble<\/li>\n<\/ul>\n<p class=\"wp-block-paragraph\"><strong>Y a\u00fan hay m\u00e1s!<\/strong><br \/>Pero bueno, \u00a1eso no es todo lo que hacemos! Adem\u00e1s de <a href=\"https:\/\/yoast.com\/wordpress\/plugins\/seo\/\" target=\"_blank\" rel=\"noreferrer noopener nofollow\">Yoast SEO<\/a>, hemos desarrollado <a href=\"https:\/\/yoast.com\/wordpress\/plugins\/\" target=\"_blank\" rel=\"noreferrer noopener nofollow\">otros plugins<\/a> que te ayudan a gestionar tu SEO. \u00bfY sab\u00edas que apoyamos a los miembros de la comunidad de WordPress con una beca especial llamada <a href=\"https:\/\/yoast.com\/about-us\/community\/care-fund\/\" target=\"_blank\" rel=\"noreferrer noopener nofollow\">Yoast Care fund<\/a>? Lee todo sobre nuestros otros plugins y nuestra participaci\u00f3n en la comunidad en <a href=\"http:\/\/yoast.com\/\" target=\"_blank\" rel=\"noreferrer noopener nofollow\">Yoast.com<\/a>.<\/p>\n<\/div>\t<\/div>\n\n<\/li><\/ul>\n\n\n<h3 class=\"has-text-align-center wp-block-heading\">Xolotlan<\/h3>\n\n\n<ul class=\"wordcamp-block wordcamp-post-list has-layout-list wordcamp-sponsors\"><li class=\"wordcamp-post-list__post wordcamp-clearfix\">\n<div class=\"wordcamp-sponsor wordcamp-sponsors__post slug-nativo\">\n\t\t\t<h3 class=\"wordcamp-block__item-title wordcamp-sponsors__title\"><a href=\"https:\/\/nicaragua.wordcamp.org\/2021\/sponsor\/nativo\/\">Nativo<\/a><\/h3>\t\n\t\t\t<div class=\"wordcamp-image__featured-image-container wordcamp-sponsors__featured-image wordcamp-sponsors__logo align-none\"><a href=\"https:\/\/nicaragua.wordcamp.org\/2021\/sponsor\/nativo\/\" class=\"wordcamp-image__featured-image-link\"><img loading=\"lazy\" decoding=\"async\" width=\"599\" height=\"112\" src=\"https:\/\/nicaragua.wordcamp.org\/2021\/files\/2021\/09\/Nativo-Logo-768x143.png\" class=\"wordcamp-image__featured-image wp-post-image\" alt=\"\" srcset=\"https:\/\/nicaragua.wordcamp.org\/2021\/files\/2021\/09\/Nativo-Logo-768x143.png 768w, https:\/\/nicaragua.wordcamp.org\/2021\/files\/2021\/09\/Nativo-Logo-300x56.png 300w, https:\/\/nicaragua.wordcamp.org\/2021\/files\/2021\/09\/Nativo-Logo-1024x191.png 1024w, https:\/\/nicaragua.wordcamp.org\/2021\/files\/2021\/09\/Nativo-Logo-500x93.png 500w, https:\/\/nicaragua.wordcamp.org\/2021\/files\/2021\/09\/Nativo-Logo-1536x287.png 1536w, https:\/\/nicaragua.wordcamp.org\/2021\/files\/2021\/09\/Nativo-Logo-1200x224.png 1200w, https:\/\/nicaragua.wordcamp.org\/2021\/files\/2021\/09\/Nativo-Logo-1980x369.png 1980w, https:\/\/nicaragua.wordcamp.org\/2021\/files\/2021\/09\/Nativo-Logo.png 2048w\" sizes=\"auto, (max-width: 599px) 100vw, 599px\" \/><\/a><\/div>\t\n\t\t\t<div class=\"wordcamp-block__item-content wordcamp-sponsors__content is-full\"><p class=\"wp-block-paragraph\">Nativo es un equipo de dise\u00f1o, desarrollo y aseguramiento de calidad, especializado en proyectos web y m\u00f3vil para clientes en Latinoam\u00e9rica, USA y Canad\u00e1, principalmente.<\/p>\n<\/div>\t<\/div>\n\n<\/li><\/ul>\n\n\n<h3 class=\"has-text-align-center wp-block-heading\">Asososca<\/h3>\n\n\n<ul class=\"wordcamp-block wordcamp-post-list has-layout-list wordcamp-sponsors\"><li class=\"wordcamp-post-list__post wordcamp-clearfix\">\n<div class=\"wordcamp-sponsor wordcamp-sponsors__post slug-nicasource\">\n\t\t\t<h3 class=\"wordcamp-block__item-title wordcamp-sponsors__title\"><a href=\"https:\/\/nicaragua.wordcamp.org\/2021\/sponsor\/nicasource\/\">NicaSource<\/a><\/h3>\t\n\t\t\t<div class=\"wordcamp-image__featured-image-container wordcamp-sponsors__featured-image wordcamp-sponsors__logo align-none\"><a href=\"https:\/\/nicaragua.wordcamp.org\/2021\/sponsor\/nicasource\/\" class=\"wordcamp-image__featured-image-link\"><img loading=\"lazy\" decoding=\"async\" width=\"580\" height=\"247\" src=\"https:\/\/nicaragua.wordcamp.org\/2021\/files\/2021\/09\/main.png\" class=\"wordcamp-image__featured-image wp-post-image\" alt=\"\" srcset=\"https:\/\/nicaragua.wordcamp.org\/2021\/files\/2021\/09\/main.png 580w, https:\/\/nicaragua.wordcamp.org\/2021\/files\/2021\/09\/main-300x128.png 300w, https:\/\/nicaragua.wordcamp.org\/2021\/files\/2021\/09\/main-500x213.png 500w\" sizes=\"auto, (max-width: 580px) 100vw, 580px\" \/><\/a><\/div>\t\n\t\t\t<div class=\"wordcamp-block__item-content wordcamp-sponsors__content is-full\"><\/div>\t<\/div>\n\n<\/li><\/ul>","protected":false},"excerpt":{"rendered":"<p>Conoce a nuestros patrocinadores Muchas gracias a todos los patrocinadores que hacen posible el WordCamp Nicaragua 2021. Cocibolca Xolotlan Asososca<\/p>\n","protected":false},"author":14939500,"featured_media":0,"parent":0,"menu_order":0,"comment_status":"closed","ping_status":"closed","template":"","meta":{"_crdt_document":"","footnotes":""},"class_list":["post-10","page","type-page","status-publish","hentry"],"jetpack_sharing_enabled":true,"_links":{"self":[{"href":"https:\/\/nicaragua.wordcamp.org\/2021\/wp-json\/wp\/v2\/pages\/10","targetHints":{"allow":["GET"]}}],"collection":[{"href":"https:\/\/nicaragua.wordcamp.org\/2021\/wp-json\/wp\/v2\/pages"}],"about":[{"href":"https:\/\/nicaragua.wordcamp.org\/2021\/wp-json\/wp\/v2\/types\/page"}],"author":[{"embeddable":true,"href":"https:\/\/nicaragua.wordcamp.org\/2021\/wp-json\/wp\/v2\/users\/14939500"}],"replies":[{"embeddable":true,"href":"https:\/\/nicaragua.wordcamp.org\/2021\/wp-json\/wp\/v2\/comments?post=10"}],"version-history":[{"count":3,"href":"https:\/\/nicaragua.wordcamp.org\/2021\/wp-json\/wp\/v2\/pages\/10\/revisions"}],"predecessor-version":[{"id":1012,"href":"https:\/\/nicaragua.wordcamp.org\/2021\/wp-json\/wp\/v2\/pages\/10\/revisions\/1012"}],"wp:attachment":[{"href":"https:\/\/nicaragua.wordcamp.org\/2021\/wp-json\/wp\/v2\/media?parent=10"}],"curies":[{"name":"wp","href":"https:\/\/api.w.org\/{rel}","templated":true}]}}