{"id":163,"date":"2021-08-19T21:08:50","date_gmt":"2021-08-20T03:08:50","guid":{"rendered":"https:\/\/nicaragua.wordcamp.org\/2021\/?page_id=163"},"modified":"2021-09-24T18:37:28","modified_gmt":"2021-09-25T00:37:28","slug":"inicio","status":"publish","type":"page","link":"https:\/\/nicaragua.wordcamp.org\/2021\/","title":{"rendered":"Inicio"},"content":{"rendered":"<header class=\"alignfull wp-block-template-part\">\n<div class=\"wp-block-buttons is-layout-flex wp-block-buttons-is-layout-flex\"><\/div>\n\n\n\n<div class=\"wp-block-columns is-layout-flex wp-container-core-columns-is-layout-8f761849 wp-block-columns-is-layout-flex\">\n<div class=\"wp-block-column is-layout-flow wp-block-column-is-layout-flow\">\n<div class=\"wp-block-group\"><div class=\"wp-block-group__inner-container is-layout-flow wp-block-group-is-layout-flow\">\n<h2 class=\"wp-block-heading\">Ya est\u00e1 aqu\u00ed el evento m\u00e1s grande de WordPress en Nicaragua<\/h2>\n\n\n\n<h3 class=\"wp-block-heading\">8 y 9 de Octubre<\/h3>\n\n\n\n<div class=\"wp-block-buttons is-layout-flex wp-block-buttons-is-layout-flex\">\n<div class=\"wp-block-button\"><a class=\"wp-block-button__link\" href=\"https:\/\/nicaragua.wordcamp.org\/2021\/schedule\/\">Ver Programa<\/a><\/div>\n<\/div>\n<\/div><\/div>\n<\/div>\n\n\n\n<div class=\"wp-block-column is-layout-flow wp-block-column-is-layout-flow\">\n<figure class=\"wp-block-image size-full\"><img loading=\"lazy\" decoding=\"async\" width=\"846\" height=\"709\" src=\"https:\/\/nicaragua.wordcamp.org\/2021\/files\/2021\/08\/illustration.png\" alt=\"\" class=\"wp-image-234\" srcset=\"https:\/\/nicaragua.wordcamp.org\/2021\/files\/2021\/08\/illustration.png 846w, https:\/\/nicaragua.wordcamp.org\/2021\/files\/2021\/08\/illustration-300x251.png 300w, https:\/\/nicaragua.wordcamp.org\/2021\/files\/2021\/08\/illustration-768x644.png 768w, https:\/\/nicaragua.wordcamp.org\/2021\/files\/2021\/08\/illustration-358x300.png 358w\" sizes=\"auto, (max-width: 846px) 100vw, 846px\" \/><\/figure>\n<\/div>\n<\/div>\n<\/header>\n\n\n<div class=\"wp-block-group\"><div class=\"wp-block-group__inner-container is-layout-flow wp-block-group-is-layout-flow\">\n<div class=\"wp-block-query is-layout-flow wp-block-query-is-layout-flow\"><ul class=\"wp-block-post-template is-layout-flow wp-block-post-template-is-layout-flow\"><li class=\"wp-block-post post-697 post type-post status-publish format-standard has-post-thumbnail hentry category-wordcamp\">\n\n<div class=\"wp-block-columns alignfull is-layout-flex wp-container-core-columns-is-layout-8f761849 wp-block-columns-is-layout-flex\">\n<div class=\"wp-block-column is-layout-flow wp-block-column-is-layout-flow\" style=\"flex-basis:66.66%\">\n<figure class=\"wp-block-image size-full\"><img loading=\"lazy\" decoding=\"async\" width=\"424\" height=\"284\" src=\"https:\/\/nicaragua.wordcamp.org\/2021\/files\/2021\/08\/logo-cuadrado-1.png\" alt=\"\" class=\"wp-image-191\" srcset=\"https:\/\/nicaragua.wordcamp.org\/2021\/files\/2021\/08\/logo-cuadrado-1.png 424w, https:\/\/nicaragua.wordcamp.org\/2021\/files\/2021\/08\/logo-cuadrado-1-300x201.png 300w\" sizes=\"auto, (max-width: 424px) 100vw, 424px\" \/><\/figure>\n<\/div>\n\n\n\n<div class=\"wp-block-column is-layout-flow wp-block-column-is-layout-flow\" style=\"flex-basis:33.33%\">\n<h4 class=\"wp-block-heading\">Bienvenidos a la 2da edici\u00f3n de WordCamp Nicaragua 2021<\/h4>\n\n\n\n<p class=\"wp-block-paragraph\">La comunidad Nicaraguense de WordPress se ha unido para crear una WordCamp Online. dos d\u00edas para aprender y compartir conocimientos sin moverte de casa.<\/p>\n\n\n\n<div class=\"wp-block-buttons is-layout-flex wp-block-buttons-is-layout-flex\">\n<div class=\"wp-block-button\"><a class=\"wp-block-button__link\" href=\"https:\/\/nicaragua.wordcamp.org\/2021\/registro\/\">Registrate<\/a><\/div>\n<\/div>\n<\/div>\n<\/div>\n\n<\/li><\/ul><\/div>\n<\/div><\/div>\n\n\n\n<div class=\"wp-block-columns is-layout-flex wp-container-core-columns-is-layout-8f761849 wp-block-columns-is-layout-flex\">\n<div class=\"wp-block-column is-layout-flow wp-block-column-is-layout-flow\">\n<figure class=\"wp-block-image size-full\"><img loading=\"lazy\" decoding=\"async\" width=\"88\" height=\"88\" src=\"https:\/\/nicaragua.wordcamp.org\/2021\/files\/2021\/08\/icon1.png\" alt=\"\" class=\"wp-image-193\" \/><\/figure>\n\n\n\n<h5 class=\"wp-block-heading\">Organizadores<\/h5>\n\n\n\n<p class=\"wp-block-paragraph\">Conoce quien es el equipo que esta organizando este evento.<\/p>\n\n\n\n<div class=\"wp-block-buttons is-layout-flex wp-block-buttons-is-layout-flex\">\n<div class=\"wp-block-button\"><a class=\"wp-block-button__link\" href=\"https:\/\/nicaragua.wordcamp.org\/2021\/organizers\/\">Ver mas<\/a><\/div>\n<\/div>\n<\/div>\n\n\n\n<div class=\"wp-block-column is-layout-flow wp-block-column-is-layout-flow\">\n<figure class=\"wp-block-image size-full\"><img loading=\"lazy\" decoding=\"async\" width=\"89\" height=\"88\" src=\"https:\/\/nicaragua.wordcamp.org\/2021\/files\/2021\/08\/icon2-1.png\" alt=\"\" class=\"wp-image-196\" \/><\/figure>\n\n\n\n<h5 class=\"wp-block-heading\">Ponentes<\/h5>\n\n\n\n<p class=\"wp-block-paragraph\">Conoc\u00e9 ponentes nacionales y extranjeros que trabajan d\u00eda a d\u00eda en el mundo de WordPress.<\/p>\n\n\n\n<div class=\"wp-block-buttons is-layout-flex wp-block-buttons-is-layout-flex\">\n<div class=\"wp-block-button\"><a class=\"wp-block-button__link\" href=\"https:\/\/nicaragua.wordcamp.org\/2021\/speakers\/\">ver mas<\/a><\/div>\n<\/div>\n<\/div>\n\n\n\n<div class=\"wp-block-column is-layout-flow wp-block-column-is-layout-flow\">\n<figure class=\"wp-block-image size-full\"><img loading=\"lazy\" decoding=\"async\" width=\"89\" height=\"88\" src=\"https:\/\/nicaragua.wordcamp.org\/2021\/files\/2021\/08\/icon3-1.png\" alt=\"\" class=\"wp-image-197\" \/><\/figure>\n\n\n\n<h5 class=\"wp-block-heading\">Patrocinadores<\/h5>\n\n\n\n<p class=\"wp-block-paragraph\">Descubre quienes son los patrocinadores que estan haciendo posible el evento.<\/p>\n\n\n\n<div class=\"wp-block-buttons is-layout-flex wp-block-buttons-is-layout-flex\">\n<div class=\"wp-block-button\"><a class=\"wp-block-button__link\" href=\"https:\/\/nicaragua.wordcamp.org\/2021\/sponsors\/\">Ver mas<\/a><\/div>\n<\/div>\n<\/div>\n<\/div>\n\n\n\n<div class=\"wp-block-group\"><div class=\"wp-block-group__inner-container is-layout-flow wp-block-group-is-layout-flow\">\n<figure class=\"wp-block-image size-full\"><img loading=\"lazy\" decoding=\"async\" width=\"85\" height=\"46\" src=\"https:\/\/nicaragua.wordcamp.org\/2021\/files\/2021\/08\/logo_icon_2-1.png\" alt=\"\" class=\"wp-image-199\" \/><\/figure>\n\n\n\n<h4 class=\"wp-block-heading\">Sumate a la comunidad WordPress en Nicaragua<\/h4>\n\n\n\n<div class=\"wp-block-buttons is-layout-flex wp-block-buttons-is-layout-flex\">\n<div class=\"wp-block-button\"><a class=\"wp-block-button__link\" href=\"https:\/\/www.facebook.com\/groups\/875971559147807\">Unirme a la comunidad<\/a><\/div>\n<\/div>\n<\/div><\/div>\n\n\n\n<h3 class=\"wp-block-heading\">Noticias del Camp<\/h3>\n\n\n<ul class=\"wp-block-latest-posts__list is-grid columns-2 has-dates wp-block-latest-posts\"><li><div class=\"wp-block-latest-posts__featured-image aligncenter\"><img loading=\"lazy\" decoding=\"async\" width=\"300\" height=\"200\" src=\"https:\/\/nicaragua.wordcamp.org\/2021\/files\/2021\/10\/miniaturadepost1-300x200.jpeg\" class=\"attachment-medium size-medium wp-post-image\" alt=\"\" style=\"\" srcset=\"https:\/\/nicaragua.wordcamp.org\/2021\/files\/2021\/10\/miniaturadepost1-300x200.jpeg 300w, https:\/\/nicaragua.wordcamp.org\/2021\/files\/2021\/10\/miniaturadepost1-1024x683.jpeg 1024w, https:\/\/nicaragua.wordcamp.org\/2021\/files\/2021\/10\/miniaturadepost1-768x512.jpeg 768w, https:\/\/nicaragua.wordcamp.org\/2021\/files\/2021\/10\/miniaturadepost1-450x300.jpeg 450w, https:\/\/nicaragua.wordcamp.org\/2021\/files\/2021\/10\/miniaturadepost1-1536x1024.jpeg 1536w, https:\/\/nicaragua.wordcamp.org\/2021\/files\/2021\/10\/miniaturadepost1-1200x800.jpeg 1200w, https:\/\/nicaragua.wordcamp.org\/2021\/files\/2021\/10\/miniaturadepost1-1980x1320.jpeg 1980w, https:\/\/nicaragua.wordcamp.org\/2021\/files\/2021\/10\/miniaturadepost1.jpeg 2048w\" sizes=\"auto, (max-width: 300px) 100vw, 300px\" \/><\/div><a class=\"wp-block-latest-posts__post-title\" href=\"https:\/\/nicaragua.wordcamp.org\/2021\/que-esperar-del-wordcamp-nicaragua-2021\/\">\u00bfQu\u00e9 esperar del WordCamp Nicaragua 2021?<\/a><time datetime=\"2021-10-01T17:37:21-06:00\" class=\"wp-block-latest-posts__post-date\">octubre 1, 2021<\/time><\/li>\n<li><div class=\"wp-block-latest-posts__featured-image aligncenter\"><img loading=\"lazy\" decoding=\"async\" width=\"300\" height=\"201\" src=\"https:\/\/nicaragua.wordcamp.org\/2021\/files\/2021\/08\/logo-cuadrado-1-300x201.png\" class=\"attachment-medium size-medium wp-post-image\" alt=\"\" style=\"\" srcset=\"https:\/\/nicaragua.wordcamp.org\/2021\/files\/2021\/08\/logo-cuadrado-1-300x201.png 300w, https:\/\/nicaragua.wordcamp.org\/2021\/files\/2021\/08\/logo-cuadrado-1.png 424w\" sizes=\"auto, (max-width: 300px) 100vw, 300px\" \/><\/div><a class=\"wp-block-latest-posts__post-title\" href=\"https:\/\/nicaragua.wordcamp.org\/2021\/para-quien-es-un-wordcamp-y-por-que-asistir-a-uno\/\">\u00bfPara qui\u00e9n es un WordCamp y por qu\u00e9 asistir a uno?<\/a><time datetime=\"2021-09-09T09:13:04-06:00\" class=\"wp-block-latest-posts__post-date\">septiembre 9, 2021<\/time><\/li>\n<li><div class=\"wp-block-latest-posts__featured-image aligncenter\"><img loading=\"lazy\" decoding=\"async\" width=\"300\" height=\"201\" src=\"https:\/\/nicaragua.wordcamp.org\/2021\/files\/2021\/08\/logo-cuadrado-1-300x201.png\" class=\"attachment-medium size-medium wp-post-image\" alt=\"\" style=\"\" srcset=\"https:\/\/nicaragua.wordcamp.org\/2021\/files\/2021\/08\/logo-cuadrado-1-300x201.png 300w, https:\/\/nicaragua.wordcamp.org\/2021\/files\/2021\/08\/logo-cuadrado-1.png 424w\" sizes=\"auto, (max-width: 300px) 100vw, 300px\" \/><\/div><a class=\"wp-block-latest-posts__post-title\" href=\"https:\/\/nicaragua.wordcamp.org\/2021\/llamado-a-patrocinadores\/\">Llamado a patrocinadores<\/a><time datetime=\"2021-08-29T21:40:31-06:00\" class=\"wp-block-latest-posts__post-date\">agosto 29, 2021<\/time><\/li>\n<\/ul>\n\n\n<h2 class=\"has-text-align-center wp-block-heading\">\u00a1Conozca a nuestros patrocinadores!<\/h2>\n\n\n\n<h4 class=\"has-text-align-center wp-block-heading\">Cocibolca<\/h4>\n\n\n<ul class=\"wordcamp-block wordcamp-post-list has-layout-list wordcamp-sponsors\"><li class=\"wordcamp-post-list__post wordcamp-clearfix\">\n<div class=\"wordcamp-sponsor wordcamp-sponsors__post slug-boombit\">\n\t\n\t\t\t<div class=\"wordcamp-image__featured-image-container wordcamp-sponsors__featured-image wordcamp-sponsors__logo align-center\"><a href=\"https:\/\/nicaragua.wordcamp.org\/2021\/sponsor\/boombit\/\" class=\"wordcamp-image__featured-image-link\"><img loading=\"lazy\" decoding=\"async\" width=\"360\" height=\"64\" src=\"https:\/\/nicaragua.wordcamp.org\/2021\/files\/2021\/09\/boombit-logo-dark.png\" class=\"wordcamp-image__featured-image wp-post-image\" alt=\"\" srcset=\"https:\/\/nicaragua.wordcamp.org\/2021\/files\/2021\/09\/boombit-logo-dark.png 360w, https:\/\/nicaragua.wordcamp.org\/2021\/files\/2021\/09\/boombit-logo-dark-300x53.png 300w\" sizes=\"auto, (max-width: 360px) 100vw, 360px\" \/><\/a><\/div>\t\n\t<\/div>\n\n<\/li><li class=\"wordcamp-post-list__post wordcamp-clearfix\">\n<div class=\"wordcamp-sponsor wordcamp-sponsors__post slug-siteground\">\n\t\n\t\t\t<div class=\"wordcamp-image__featured-image-container wordcamp-sponsors__featured-image wordcamp-sponsors__logo align-center\"><a href=\"https:\/\/nicaragua.wordcamp.org\/2021\/sponsor\/siteground\/\" class=\"wordcamp-image__featured-image-link\"><img loading=\"lazy\" decoding=\"async\" width=\"287\" height=\"59\" src=\"https:\/\/nicaragua.wordcamp.org\/2021\/files\/2021\/09\/siteground-logo-negro-transparente-vector.png\" class=\"wordcamp-image__featured-image wp-post-image\" alt=\"\" \/><\/a><\/div>\t\n\t<\/div>\n\n<\/li><li class=\"wordcamp-post-list__post wordcamp-clearfix\">\n<div class=\"wordcamp-sponsor wordcamp-sponsors__post slug-yoast\">\n\t\n\t\t\t<div class=\"wordcamp-image__featured-image-container wordcamp-sponsors__featured-image wordcamp-sponsors__logo align-center\"><a href=\"https:\/\/nicaragua.wordcamp.org\/2021\/sponsor\/yoast\/\" class=\"wordcamp-image__featured-image-link\"><img loading=\"lazy\" decoding=\"async\" width=\"1024\" height=\"187\" src=\"https:\/\/nicaragua.wordcamp.org\/2021\/files\/2021\/09\/Yoast_Logo_tagline_Large_RGB_Horiz-1024x187.png\" class=\"wordcamp-image__featured-image wp-post-image\" alt=\"\" srcset=\"https:\/\/nicaragua.wordcamp.org\/2021\/files\/2021\/09\/Yoast_Logo_tagline_Large_RGB_Horiz-1024x187.png 1024w, https:\/\/nicaragua.wordcamp.org\/2021\/files\/2021\/09\/Yoast_Logo_tagline_Large_RGB_Horiz-300x55.png 300w, https:\/\/nicaragua.wordcamp.org\/2021\/files\/2021\/09\/Yoast_Logo_tagline_Large_RGB_Horiz-768x140.png 768w, https:\/\/nicaragua.wordcamp.org\/2021\/files\/2021\/09\/Yoast_Logo_tagline_Large_RGB_Horiz-500x91.png 500w, https:\/\/nicaragua.wordcamp.org\/2021\/files\/2021\/09\/Yoast_Logo_tagline_Large_RGB_Horiz-1200x219.png 1200w, https:\/\/nicaragua.wordcamp.org\/2021\/files\/2021\/09\/Yoast_Logo_tagline_Large_RGB_Horiz.png 1214w\" sizes=\"auto, (max-width: 1024px) 100vw, 1024px\" \/><\/a><\/div>\t\n\t<\/div>\n\n<\/li><\/ul>\n\n\n<h4 class=\"has-text-align-center wp-block-heading\">Xolotlan<\/h4>\n\n\n<ul class=\"wordcamp-block wordcamp-post-list has-layout-list wordcamp-sponsors\"><li class=\"wordcamp-post-list__post wordcamp-clearfix\">\n<div class=\"wordcamp-sponsor wordcamp-sponsors__post slug-nativo\">\n\t\n\t\t\t<div class=\"wordcamp-image__featured-image-container wordcamp-sponsors__featured-image wordcamp-sponsors__logo align-center\"><a href=\"https:\/\/nicaragua.wordcamp.org\/2021\/sponsor\/nativo\/\" class=\"wordcamp-image__featured-image-link\"><img loading=\"lazy\" decoding=\"async\" width=\"599\" height=\"112\" src=\"https:\/\/nicaragua.wordcamp.org\/2021\/files\/2021\/09\/Nativo-Logo-768x143.png\" class=\"wordcamp-image__featured-image wp-post-image\" alt=\"\" srcset=\"https:\/\/nicaragua.wordcamp.org\/2021\/files\/2021\/09\/Nativo-Logo-768x143.png 768w, https:\/\/nicaragua.wordcamp.org\/2021\/files\/2021\/09\/Nativo-Logo-300x56.png 300w, https:\/\/nicaragua.wordcamp.org\/2021\/files\/2021\/09\/Nativo-Logo-1024x191.png 1024w, https:\/\/nicaragua.wordcamp.org\/2021\/files\/2021\/09\/Nativo-Logo-500x93.png 500w, https:\/\/nicaragua.wordcamp.org\/2021\/files\/2021\/09\/Nativo-Logo-1536x287.png 1536w, https:\/\/nicaragua.wordcamp.org\/2021\/files\/2021\/09\/Nativo-Logo-1200x224.png 1200w, https:\/\/nicaragua.wordcamp.org\/2021\/files\/2021\/09\/Nativo-Logo-1980x369.png 1980w, https:\/\/nicaragua.wordcamp.org\/2021\/files\/2021\/09\/Nativo-Logo.png 2048w\" sizes=\"auto, (max-width: 599px) 100vw, 599px\" \/><\/a><\/div>\t\n\t<\/div>\n\n<\/li><\/ul>\n\n\n<h4 class=\"has-text-align-center wp-block-heading\">Asososca<\/h4>\n\n\n<ul class=\"wordcamp-block wordcamp-post-list has-layout-list wordcamp-sponsors\"><li class=\"wordcamp-post-list__post wordcamp-clearfix\">\n<div class=\"wordcamp-sponsor wordcamp-sponsors__post slug-nicasource\">\n\t\n\t\t\t<div class=\"wordcamp-image__featured-image-container wordcamp-sponsors__featured-image wordcamp-sponsors__logo align-center\"><a href=\"https:\/\/nicaragua.wordcamp.org\/2021\/sponsor\/nicasource\/\" class=\"wordcamp-image__featured-image-link\"><img loading=\"lazy\" decoding=\"async\" width=\"300\" height=\"128\" src=\"https:\/\/nicaragua.wordcamp.org\/2021\/files\/2021\/09\/main-300x128.png\" class=\"wordcamp-image__featured-image wp-post-image\" alt=\"\" srcset=\"https:\/\/nicaragua.wordcamp.org\/2021\/files\/2021\/09\/main-300x128.png 300w, https:\/\/nicaragua.wordcamp.org\/2021\/files\/2021\/09\/main-500x213.png 500w, https:\/\/nicaragua.wordcamp.org\/2021\/files\/2021\/09\/main.png 580w\" sizes=\"auto, (max-width: 300px) 100vw, 300px\" \/><\/a><\/div>\t\n\t\t\t<div class=\"wordcamp-block__item-content wordcamp-sponsors__content is-full\"><\/div>\t<\/div>\n\n<\/li><\/ul>","protected":false},"excerpt":{"rendered":"<p>Organizadores Conoce quien es el equipo que esta organizando este evento. Ponentes Conoc\u00e9 ponentes nacionales y extranjeros que trabajan d\u00eda a d\u00eda en el mundo de WordPress. Patrocinadores Descubre quienes son los patrocinadores que estan haciendo posible el evento. Sumate a la comunidad WordPress en Nicaragua Noticias del Camp \u00a1Conozca a nuestros patrocinadores! Cocibolca Xolotlan [&hellip;]<\/p>\n","protected":false},"author":14939500,"featured_media":0,"parent":0,"menu_order":0,"comment_status":"closed","ping_status":"closed","template":"templates\/template-full-width.php","meta":{"_crdt_document":"","footnotes":""},"class_list":["post-163","page","type-page","status-publish","hentry"],"jetpack_sharing_enabled":true,"_links":{"self":[{"href":"https:\/\/nicaragua.wordcamp.org\/2021\/wp-json\/wp\/v2\/pages\/163","targetHints":{"allow":["GET"]}}],"collection":[{"href":"https:\/\/nicaragua.wordcamp.org\/2021\/wp-json\/wp\/v2\/pages"}],"about":[{"href":"https:\/\/nicaragua.wordcamp.org\/2021\/wp-json\/wp\/v2\/types\/page"}],"author":[{"embeddable":true,"href":"https:\/\/nicaragua.wordcamp.org\/2021\/wp-json\/wp\/v2\/users\/14939500"}],"replies":[{"embeddable":true,"href":"https:\/\/nicaragua.wordcamp.org\/2021\/wp-json\/wp\/v2\/comments?post=163"}],"version-history":[{"count":24,"href":"https:\/\/nicaragua.wordcamp.org\/2021\/wp-json\/wp\/v2\/pages\/163\/revisions"}],"predecessor-version":[{"id":878,"href":"https:\/\/nicaragua.wordcamp.org\/2021\/wp-json\/wp\/v2\/pages\/163\/revisions\/878"}],"wp:attachment":[{"href":"https:\/\/nicaragua.wordcamp.org\/2021\/wp-json\/wp\/v2\/media?parent=163"}],"curies":[{"name":"wp","href":"https:\/\/api.w.org\/{rel}","templated":true}]}}