{"id":21,"date":"2021-05-26T08:50:32","date_gmt":"2021-05-26T14:50:32","guid":{"rendered":"https:\/\/nicaragua.wordcamp.org\/2021\/code-of-conduct\/"},"modified":"2021-09-23T18:38:41","modified_gmt":"2021-09-24T00:38:41","slug":"code-of-conduct","status":"publish","type":"page","link":"https:\/\/nicaragua.wordcamp.org\/2021\/code-of-conduct\/","title":{"rendered":"Codigo de conducta"},"content":{"rendered":"\n<h3 class=\"wp-block-heading\">1. Objetivo <\/h3>\n\n\n\n<p class=\"wp-block-paragraph\"><span style=\"color: red;text-decoration: underline\"><a href=\"https:\/\/nicaragua.wordcamp.org\/2021\/\">WordCamp Nicaragua<\/a><\/span> cree que nuestra comunidad debe de estar verdaderamente abierta para todos. Como tal nos comprometemos a brindar un entorno amigable, seguro y acogedor para todos, independientemente de su g\u00e9nero, orientaci\u00f3n sexual, discapacidad, etnia, religi\u00f3n, edad, casta, clase social, sistema operativo preferido, lenguaje de programaci\u00f3n o editor de texto, entre otras caracter\u00edsticas indentificativas. <\/p>\n\n\n\n<p class=\"wp-block-paragraph\">Este codigo de conducta describe nuestras expectativas para el comportamiento de los participantes, as\u00ed como las consecuencias del comportamiento inaceptable. <\/p>\n\n\n\n<p class=\"wp-block-paragraph\">Invitamos a todos los patrocinadores, voluntarios, oradores, asistentes y otros participantes a que nos ayuden a lograr una experiencia de conferencia segura y positiva para todos.<\/p>\n\n\n\n<h3 class=\"wp-block-heading\">2. Cuidadan\u00eda de c\u00f3digo abierto <\/h3>\n\n\n\n<p class=\"wp-block-paragraph\">Un objetivo complementario de este c\u00f3digo de conducto es aumentar la ciudadan\u00eda de c\u00f3digo abierto al alentar a los participantes a reconocer y fortalecer las relaciones entre lo que hacemos y la comunidad en general. <\/p>\n\n\n\n<p class=\"wp-block-paragraph\">Al servicio de este objetivo, los organizadores del <a href=\"https:\/\/nicaragua.wordcamp.org\/2021\/\">WordCamp Nicaragua<\/a> aceptar\u00e1n nominaciones para ciudadanos ejemplares durante todo el evento y reconocer\u00e1n a los participantes seleccionados despu\u00e9s de la conferencia en el sitio web. <\/p>\n\n\n\n<p class=\"wp-block-paragraph\">Si ve a alguien que est\u00e1 haciendo un esfuerzo adicional para garantizar que nuestra comunidad sea acogedora, amigable y alienta a todos los participantes a contribuir en la mayor medida posible, queremos saberlo.<\/p>\n\n\n\n<h3 class=\"wp-block-heading\">3. Comportamiento esperado<\/h3>\n\n\n\n<ul class=\"wp-block-list\"><li>Sea considerado, respetuoso y colaborativo.<\/li><li>Abstenerse de comportamientos y expresiones degradantes, discriminatorias o acosadoras.<\/li><li>Sea consciente de su entorno y de sus compa\u00f1eros participantes. Avise a los organizadores de la conferencia si nota una situaci\u00f3n peligrosa o alguien en peligro.<\/li><li>Participa de manera aut\u00e9ntica y activa. Al hacerlo ayuda a crear el <a href=\"https:\/\/nicaragua.wordcamp.org\/2021\/\">WordCamp Nicaragua 2021<\/a><span style=\"color: red;text-decoration: underline\"><\/span><span style=\"color: red;text-decoration: underline\"><\/span><span style=\"color: red;text-decoration: underline\"><\/span> y hacerlo suyo.<\/li><\/ul>\n\n\n\n<h3 class=\"wp-block-heading\">4. Comportamiento inaceptable<\/h3>\n\n\n\n<p class=\"wp-block-paragraph\">Los comportamientos inaceptables incluyen: conducta intimidante, acosadora, abusiva, discriminadora, despectiva o degradante por parte de cualquier asistente del <span style=\"color: red;text-decoration: underline\"><a href=\"https:\/\/nicaragua.wordcamp.org\/2021\/\">WordCamp Nicaragua<\/a><\/span> y eventos relacionados. Todos los enlaces a las distintas actividades durante el <a href=\"https:\/\/nicaragua.wordcamp.org\/2021\/\">WordCamp Nicaragua 2021 <\/a>pueden compartirse con sus amigos y conocidos; sea respetuoso con todos los visitantes a estos eventos. <\/p>\n\n\n\n<p class=\"wp-block-paragraph\">El acoso incluye: comentarios verbales ofensivos relacionado con el g\u00e9nero, la orientaci\u00f3n sexual, la raza, la religi\u00f3n, la discapacidad; uso inapropiado de desnudez y\/o im\u00e1genes sexuales en espacios p\u00fablicos (incluyendo diapositivas de presentaci\u00f3n); intimidaci\u00f3n deliberada, acecho o seguimiento; acosar fotograf\u00edas o grabaciones; interupci\u00f3n sostenida de conversaciones u otros eventos; contacto f\u00edsico inapropiado y atenci\u00f3n sexual no deseada.<\/p>\n\n\n\n<h3 class=\"wp-block-heading\">5. Consecuencias de comportamiento inaceptable <\/h3>\n\n\n\n<p class=\"wp-block-paragraph\">El comportamiento inaceptable no ser\u00e1 tolerado ya sea por otros asistentes, organizadores, personal del lugar u otros patrocinadores del <span style=\"color: red;text-decoration: underline\"><a href=\"https:\/\/nicaragua.wordcamp.org\/2021\/\">WordCamp Nicaragua 2021<\/a><\/span>.<\/p>\n\n\n\n<p class=\"wp-block-paragraph\">Se espera que cualquier persona a la que se le pida que detengan un comportamiento inaceptable lo cumpla de inmediato.<\/p>\n\n\n\n<p class=\"wp-block-paragraph\">Si un participante se comporta de manera inaceptable, los organizadores de la conferencia pueden tomar cualquier acci\u00f3n que consideren apropiada, incluyendo la expulsi\u00f3n de la conferencia sin previo aviso. <\/p>\n\n\n\n<h3 class=\"wp-block-heading\">6. Que hacer si es testigo o es sujeto de un comportamiento inaceptable?<\/h3>\n\n\n\n<p class=\"wp-block-paragraph\">Si est\u00e1 sujeto a un comportamiento inaceptable, nota que alguien m\u00e1s est\u00e1 sujeto a un comportamiento inaceptable o tiene cualquier otra inquietud, notifique al organizador de la conferencia lo antes posible. <\/p>\n\n\n\n<p class=\"wp-block-paragraph\">El equipo del <a href=\"https:\/\/nicaragua.wordcamp.org\/2021\/\">WordCamp Nicaragua 2021<\/a> estar\u00e1 disponible para ayudar a los participantes a comunicarse con la seguridad lugar o polic\u00eda local para proporcionar escoltas o para ayudar a aquellos que experimenten un comportamiento inaceptable a sentirse seguros durante la conferencia. Cualquier voluntario puede ponerlo en contacto con el organizador de la conferencia. <\/p>\n\n\n\n<h3 class=\"wp-block-heading\">7. Alcance<\/h3>\n\n\n\n<p class=\"wp-block-paragraph\">Esperamos que todos los participantes de la conferencia (patrocinadores, voluntarios, oradores, asistentes y otros invitados) cumplan con este c\u00f3digo de conducta en todos los lugares de la conferencia y eventos sociales relacionados con la conferencia. <\/p>\n\n\n\n<h3 class=\"wp-block-heading\">8. Licencia y atribuci\u00f3n<\/h3>\n\n\n\n<p class=\"wp-block-paragraph\">Este c\u00f3digo de conducta es un pasaje directo del icre\u00edble trabajo de <strong>Open Source Bridge<\/strong>, pero con la informaci\u00f3n de nuestro evento sustituida. El original esta disponible en  <a href=\"http:\/\/opensourcebridge.org\/about\/code-of-conduct\/\">http:\/\/opensourcebridge.org\/about\/code-of-conduct\/<\/a> y se libera bajo una licencia <a href=\"http:\/\/creativecommons.org\/licenses\/by-sa\/3.0\/\">Creative Commons Attribution-ShareAlike<\/a>.<\/p>\n\n\n\n<p class=\"wp-block-paragraph\">(Traducci\u00f3n de Montserrat Rocha)<\/p>\n","protected":false},"excerpt":{"rendered":"<p>1. Objetivo WordCamp Nicaragua cree que nuestra comunidad debe de estar verdaderamente abierta para todos. Como tal nos comprometemos a brindar un entorno amigable, seguro y acogedor para todos, independientemente de su g\u00e9nero, orientaci\u00f3n sexual, discapacidad, etnia, religi\u00f3n, edad, casta, clase social, sistema operativo preferido, lenguaje de programaci\u00f3n o editor de texto, entre otras caracter\u00edsticas [&hellip;]<\/p>\n","protected":false},"author":14939500,"featured_media":0,"parent":0,"menu_order":0,"comment_status":"closed","ping_status":"closed","template":"","meta":{"_crdt_document":"","footnotes":""},"class_list":["post-21","page","type-page","status-publish","hentry"],"jetpack_sharing_enabled":true,"_links":{"self":[{"href":"https:\/\/nicaragua.wordcamp.org\/2021\/wp-json\/wp\/v2\/pages\/21","targetHints":{"allow":["GET"]}}],"collection":[{"href":"https:\/\/nicaragua.wordcamp.org\/2021\/wp-json\/wp\/v2\/pages"}],"about":[{"href":"https:\/\/nicaragua.wordcamp.org\/2021\/wp-json\/wp\/v2\/types\/page"}],"author":[{"embeddable":true,"href":"https:\/\/nicaragua.wordcamp.org\/2021\/wp-json\/wp\/v2\/users\/14939500"}],"replies":[{"embeddable":true,"href":"https:\/\/nicaragua.wordcamp.org\/2021\/wp-json\/wp\/v2\/comments?post=21"}],"version-history":[{"count":7,"href":"https:\/\/nicaragua.wordcamp.org\/2021\/wp-json\/wp\/v2\/pages\/21\/revisions"}],"predecessor-version":[{"id":865,"href":"https:\/\/nicaragua.wordcamp.org\/2021\/wp-json\/wp\/v2\/pages\/21\/revisions\/865"}],"wp:attachment":[{"href":"https:\/\/nicaragua.wordcamp.org\/2021\/wp-json\/wp\/v2\/media?parent=21"}],"curies":[{"name":"wp","href":"https:\/\/api.w.org\/{rel}","templated":true}]}}