{"id":686,"date":"2021-10-03T19:21:54","date_gmt":"2021-10-04T01:21:54","guid":{"rendered":"https:\/\/nicaragua.wordcamp.org\/2021\/?page_id=686"},"modified":"2021-10-09T10:38:26","modified_gmt":"2021-10-09T16:38:26","slug":"programa-sabado-9-de-octubre","status":"publish","type":"page","link":"https:\/\/nicaragua.wordcamp.org\/2021\/programa-sabado-9-de-octubre\/","title":{"rendered":"Contributor Day"},"content":{"rendered":"\n<p class=\"wp-block-paragraph\">El s\u00e1bado 9 de octubre tendr\u00e1 lugar el <strong>Contributor Day<\/strong><\/p>\n\n\n\n<p class=\"wp-block-paragraph\">La actividad se desarrollar\u00e1 de la siguiente forma:<\/p>\n\n\n\n<ul class=\"wp-block-list\"><li><strong>9:00<\/strong> \u2013 Comenzamos explicando c\u00f3mo contribuir en cada mesa.<\/li><li><strong>9:20<\/strong> \u2013 Empezaremos a trabajar.<\/li><li><strong>13:20<\/strong>&nbsp;(o mas) \u2013 Terminamos.<\/li><\/ul>\n\n\n\n<p class=\"wp-block-paragraph\">Recuerda que podr\u00e1s trabajar y ayudar al proyecto WordPress siempre que quieras.<\/p>\n\n\n\n<h3 class=\"wp-block-heading\">Las mesas de trabajo se desarrollar\u00e1n en salas de <em>Zoom<\/em><\/h3>\n\n\n\n<p class=\"wp-block-paragraph\">Recuerda que necesitas tener una cuenta de wordpress.org <\/p>\n\n\n\n<h4 class=\"wp-block-heading\"><a href=\"https:\/\/zoom.us\/j\/96307806171?pwd=ZzZnRVpZdy9FYXNuNTgwQVA3UHhBQT09\">Unete al Contributor Day<\/a><\/h4>\n\n\n\n<p class=\"wp-block-paragraph\">Si te registraste recibir\u00e1s los enlaces por email el d\u00eda antes. Cualquier duda que tengas escribenos a nicaragua@wordcamp.org<\/p>\n\n\n\n<p class=\"wp-block-paragraph\"><strong>Mesa de WordPress.tv<\/strong><\/p>\n\n\n\n<p class=\"wp-block-paragraph\">En esta mesa b\u00e1sicamente recopilamos la informaci\u00f3n y todo el conocimiento que se comparte a trav\u00e9s de las <em>WordCamps<\/em> y <em>Meetups<\/em> en formato de v\u00eddeo, lo editamos de ser necesario y lo subimos a la plataforma de <a href=\"https:\/\/wordpress.tv\/\" target=\"_blank\" rel=\"noreferrer noopener\">wordpress.tv<\/a> a trav\u00e9s de un simple formulario para que est\u00e9 disponible y accesible a todo el mundo.<\/p>\n\n\n\n<p class=\"wp-block-paragraph\">No hace falta que tengas conocimiento de audio y v\u00eddeo pero, si los tienes, mejor, porque podr\u00e1s realizar otras tareas.<\/p>\n\n\n\n<p class=\"wp-block-paragraph\">Objetivos:<\/p>\n\n\n\n<ul class=\"wp-block-list\"><li>Editar los videos de las charlas del WordCamp Nicaragua 2021.<\/li><li>Subir las charlas a WPTV<\/li><\/ul>\n","protected":false},"excerpt":{"rendered":"<p>El s\u00e1bado 9 de octubre tendr\u00e1 lugar el Contributor Day La actividad se desarrollar\u00e1 de la siguiente forma: 9:00 \u2013 Comenzamos explicando c\u00f3mo contribuir en cada mesa. 9:20 \u2013 Empezaremos a trabajar. 13:20&nbsp;(o mas) \u2013 Terminamos. Recuerda que podr\u00e1s trabajar y ayudar al proyecto WordPress siempre que quieras. Las mesas de trabajo se desarrollar\u00e1n en [&hellip;]<\/p>\n","protected":false},"author":14939500,"featured_media":0,"parent":0,"menu_order":0,"comment_status":"closed","ping_status":"closed","template":"","meta":{"_crdt_document":"","jetpack_post_was_ever_published":false,"footnotes":""},"class_list":["post-686","page","type-page","status-publish","hentry"],"jetpack_sharing_enabled":true,"_links":{"self":[{"href":"https:\/\/nicaragua.wordcamp.org\/2021\/wp-json\/wp\/v2\/pages\/686","targetHints":{"allow":["GET"]}}],"collection":[{"href":"https:\/\/nicaragua.wordcamp.org\/2021\/wp-json\/wp\/v2\/pages"}],"about":[{"href":"https:\/\/nicaragua.wordcamp.org\/2021\/wp-json\/wp\/v2\/types\/page"}],"author":[{"embeddable":true,"href":"https:\/\/nicaragua.wordcamp.org\/2021\/wp-json\/wp\/v2\/users\/14939500"}],"replies":[{"embeddable":true,"href":"https:\/\/nicaragua.wordcamp.org\/2021\/wp-json\/wp\/v2\/comments?post=686"}],"version-history":[{"count":14,"href":"https:\/\/nicaragua.wordcamp.org\/2021\/wp-json\/wp\/v2\/pages\/686\/revisions"}],"predecessor-version":[{"id":1206,"href":"https:\/\/nicaragua.wordcamp.org\/2021\/wp-json\/wp\/v2\/pages\/686\/revisions\/1206"}],"wp:attachment":[{"href":"https:\/\/nicaragua.wordcamp.org\/2021\/wp-json\/wp\/v2\/media?parent=686"}],"curies":[{"name":"wp","href":"https:\/\/api.w.org\/{rel}","templated":true}]}}