{"id":9,"date":"2021-05-26T08:50:31","date_gmt":"2021-05-26T14:50:31","guid":{"rendered":"https:\/\/nicaragua.wordcamp.org\/2021\/sessions\/"},"modified":"2021-09-17T17:54:24","modified_gmt":"2021-09-17T23:54:24","slug":"sessions","status":"publish","type":"page","link":"https:\/\/nicaragua.wordcamp.org\/2021\/sessions\/","title":{"rendered":"Charlas"},"content":{"rendered":"<ul class=\"wordcamp-block wordcamp-post-list has-layout-list wordcamp-sessions\"><li class=\"wordcamp-post-list__post wordcamp-clearfix\">\n<div class=\"wordcamp-session wordcamp-sessions__post slug-inauguracion-wordcamp-nicaragua-2021\">\n\t<h3 class=\"wordcamp-block__item-title wordcamp-sessions__title\"><a href=\"https:\/\/nicaragua.wordcamp.org\/2021\/session\/inauguracion-wordcamp-nicaragua-2021\/\">Inauguraci\u00f3n WordCamp Nicaragua 2021<\/a><\/h3>\n\t\n\t\t\t\t\n\t\t\t<div class=\"wordcamp-block__item-content wordcamp-sessions__content is-full\"><p class=\"wp-block-paragraph\">Inauguraci\u00f3n WordCamp Nicaragua 2021<\/p>\n<\/div>\t\n\t<\/div>\n\n<\/li><li class=\"wordcamp-post-list__post wordcamp-clearfix\">\n<div class=\"wordcamp-session wordcamp-sessions__post slug-full-site-editing-y-temas-basados-en-bloques\">\n\t<h3 class=\"wordcamp-block__item-title wordcamp-sessions__title\"><a href=\"https:\/\/nicaragua.wordcamp.org\/2021\/session\/full-site-editing-y-temas-basados-en-bloques\/\">Full Site Editing y Temas basados en bloques<\/a><\/h3>\n\t\n\t\t\t\t\n\t\t\t<div class=\"wordcamp-block__item-content wordcamp-sessions__content is-full\"><p class=\"wp-block-paragraph\">Que es el Full Site Editing, que es un Tema basado en bloques, como funciona el nuevo editor y que hace el theme.json.<\/p>\n<\/div>\t\n\t<\/div>\n\n<\/li><li class=\"wordcamp-post-list__post wordcamp-clearfix\">\n<div class=\"wordcamp-session wordcamp-sessions__post slug-panel-de-expertos-seo\">\n\t<h3 class=\"wordcamp-block__item-title wordcamp-sessions__title\"><a href=\"https:\/\/nicaragua.wordcamp.org\/2021\/session\/panel-de-expertos-seo\/\">Panel de Expertos: Comunidad<\/a><\/h3>\n\t\n\t\t\t\t\n\t\t\t<div class=\"wordcamp-block__item-content wordcamp-sessions__content is-full\"><p class=\"wp-block-paragraph\">Nuestro panel de expertos nos dar\u00e1n sus consejos y recomendaciones para que puedas optimizar tu sitio web para los motores de b\u00fasquedas. <\/p>\n<\/div>\t\n\t<\/div>\n\n<\/li><li class=\"wordcamp-post-list__post wordcamp-clearfix\">\n<div class=\"wordcamp-session wordcamp-sessions__post slug-proyecto-de-ecommerce-de-productos-con-woocommerce-en-tiempos-de-pandemia-covid-19\">\n\t<h3 class=\"wordcamp-block__item-title wordcamp-sessions__title\"><a href=\"https:\/\/nicaragua.wordcamp.org\/2021\/session\/proyecto-de-ecommerce-de-productos-con-woocommerce-en-tiempos-de-pandemia-covid-19\/\">Proyecto de ecommerce de productos con WooCommerce en tiempos de pandemia COVID-19<\/a><\/h3>\n\t\n\t\t\t\t\n\t\t\t<div class=\"wordcamp-block__item-content wordcamp-sessions__content is-full\"><p class=\"wp-block-paragraph\">Se explicar\u00e1 la implementaci\u00f3n y configuraci\u00f3n de un sitio web en WooCommerce para productos, los plugins m\u00e1s utilizados en frontend para dise\u00f1o (DIVI), Gesti\u00f3n de Pedidos Online, Atenci\u00f3n al cliente, geoubicaci\u00f3n de la direcci\u00f3n de entrega de los clientes con Google Maps, t\u00e9cnicas de fullfilment con Whatsapp y Facebook Messenger entre otros.<\/p>\n<\/div>\t\n\t<\/div>\n\n<\/li><li class=\"wordcamp-post-list__post wordcamp-clearfix\">\n<div class=\"wordcamp-session wordcamp-sessions__post slug-panel-de-expertos-desarrollo-web\">\n\t<h3 class=\"wordcamp-block__item-title wordcamp-sessions__title\"><a href=\"https:\/\/nicaragua.wordcamp.org\/2021\/session\/panel-de-expertos-desarrollo-web\/\">Panel de Expertos: Desarrollo Web<\/a><\/h3>\n\t\n\t\t\t\t\n\t\t\t<div class=\"wordcamp-block__item-content wordcamp-sessions__content is-full\"><p class=\"wp-block-paragraph\">Nuestro panel de expertos nos dar\u00e1n sus consejos y recomendaciones para que puedas enfrentar tu pr\u00f3ximo proyecto de Desarrollo Webcon \u00e9xito.<\/p>\n<\/div>\t\n\t<\/div>\n\n<\/li><li class=\"wordcamp-post-list__post wordcamp-clearfix\">\n<div class=\"wordcamp-session wordcamp-sessions__post slug-cuales-son-el-proveedor-y-producto-de-hosting-adecuados-para-mi-proyecto-wordpress\">\n\t<h3 class=\"wordcamp-block__item-title wordcamp-sessions__title\"><a href=\"https:\/\/nicaragua.wordcamp.org\/2021\/session\/cuales-son-el-proveedor-y-producto-de-hosting-adecuados-para-mi-proyecto-wordpress\/\">\u00bfCu\u00e1les son el proveedor y producto de hosting adecuados para mi proyecto WordPress?<\/a><\/h3>\n\t\n\t\t\t\t\n\t\t\t<div class=\"wordcamp-block__item-content wordcamp-sessions__content is-full\"><p class=\"wp-block-paragraph\">En el vertical del hosting, al igual que en otros sectores, cada cliente tiene necesidades diferentes y su proyecto es diferente en muchos aspectos.<\/p>\n<p class=\"wp-block-paragraph\">Tus conocimientos sobre alojamiento web, desarrollo y dise\u00f1o, presupuesto, as\u00ed como los consejos de tu gente cercana y publicidad en las redes, hacen que tomes decisiones respecto a qu\u00e9 proveedor y\/o producto de hosting es el m\u00e1s adecuado, con m\u00e1s o menos fortuna.<\/p>\n<p class=\"wp-block-paragraph\">En esta charla podr\u00e1s ver los diferentes tipos de proveedores de hosting disponibles en el mercado, c\u00f3mo est\u00e1n creados sus productos y paquetes de hosting, y podr\u00e1s aprender todo lo necesario para poder tomar decisiones que repercutan positivamente en tus proyectos WordPress.<\/p>\n<\/div>\t\n\t<\/div>\n\n<\/li><li class=\"wordcamp-post-list__post wordcamp-clearfix\">\n<div class=\"wordcamp-session wordcamp-sessions__post slug-como-crear-un-embudo-de-relaciones-relationship-funnel-con-wordpress-active-campaign-y-convertbox\">\n\t<h3 class=\"wordcamp-block__item-title wordcamp-sessions__title\"><a href=\"https:\/\/nicaragua.wordcamp.org\/2021\/session\/como-crear-un-embudo-de-relaciones-relationship-funnel-con-wordpress-active-campaign-y-convertbox\/\">Como crear un embudo de relaciones (relationship funnel) con WordPress, Active Campaign y ConvertBox.<\/a><\/h3>\n\t\n\t\t\t\t\n\t\t\t<div class=\"wordcamp-block__item-content wordcamp-sessions__content is-full\"><p class=\"wp-block-paragraph\">Ense\u00f1ar\u00e9 como utilizar WordPress con ConvertBox y Active Campaign para crear un embudo de relaciones (relationship funnel) basado en el modelo de metricas AARRR (Acquisition, Activation, Retention, Referral, Revenue) de Dave McClure.<\/p>\n<figure class=\"wp-block-embed is-type-video is-provider-wordpress-tv wp-block-embed-wordpress-tv wp-embed-aspect-16-9 wp-has-aspect-ratio\">\n<div class=\"wp-block-embed__wrapper\">\n<iframe title=\"VideoPress Video Player\" aria-label='VideoPress Video Player' width='580' height='326' src='https:\/\/video.wordpress.com\/embed\/1UXC2n0c?hd=1&amp;cover=1' frameborder='0' allowfullscreen allow='clipboard-write'><\/iframe><script src='https:\/\/v0.wordpress.com\/js\/next\/videopress-iframe.js?m=1674852142'><\/script>\n<\/div>\n<\/figure>\n<\/div>\t\n\t<\/div>\n\n<\/li><li class=\"wordcamp-post-list__post wordcamp-clearfix\">\n<div class=\"wordcamp-session wordcamp-sessions__post slug-herramientas-para-desarrollo-local\">\n\t<h3 class=\"wordcamp-block__item-title wordcamp-sessions__title\"><a href=\"https:\/\/nicaragua.wordcamp.org\/2021\/session\/herramientas-para-desarrollo-local\/\">Herramientas para Desarrollo Local<\/a><\/h3>\n\t\n\t\t\t\t\n\t\t\t<div class=\"wordcamp-block__item-content wordcamp-sessions__content is-full\"><p class=\"wp-block-paragraph\">Una buena pr\u00e1ctica en el desarrollo web es contar con un flujo de trabajo que incluya varios ambientes, por ejemplo: local, desarrollo, y producci\u00f3n.<\/p>\n<p class=\"wp-block-paragraph\">En esta charla vamos a hablar de que herramientas para desarrollo local podemos utilizar al trabajar con WordPress que nos ayudar\u00e1n a hacer mas f\u00e1cil el flujo de trabajo y el despliegue a producci\u00f3n.<\/p>\n<p class=\"wp-block-paragraph\">Entre ellas Local de Flywheel, DevKinsta, Lando y Xampp.<\/p>\n<\/div>\t\n\t<\/div>\n\n<\/li><li class=\"wordcamp-post-list__post wordcamp-clearfix\">\n<div class=\"wordcamp-session wordcamp-sessions__post slug-trabajar-remoto-sin-morir-en-el-intento-cuando-como-y-donde\">\n\t<h3 class=\"wordcamp-block__item-title wordcamp-sessions__title\"><a href=\"https:\/\/nicaragua.wordcamp.org\/2021\/session\/trabajar-remoto-sin-morir-en-el-intento-cuando-como-y-donde\/\">Trabajar remoto sin morir en el intento: Cuando, como y donde<\/a><\/h3>\n\t\n\t\t\t\t\n\t\t\t<div class=\"wordcamp-block__item-content wordcamp-sessions__content is-full\"><p class=\"wp-block-paragraph\">Ser trabajador remoto es todo un reto sobre todo cuando tu empleador no esta en la misma ubicacion geografica. aca pretendo dar tips de como lograr trabajar desde casa o desde donde quieras sin mucho estres. y como extra bonus estare hablando sobre como conseguir tu primer trabajo remoto.<\/p>\n<\/div>\t\n\t<\/div>\n\n<\/li><li class=\"wordcamp-post-list__post wordcamp-clearfix\">\n<div class=\"wordcamp-session wordcamp-sessions__post slug-learndash-membership\">\n\t<h3 class=\"wordcamp-block__item-title wordcamp-sessions__title\"><a href=\"https:\/\/nicaragua.wordcamp.org\/2021\/session\/learndash-membership\/\">LearnDash membership<\/a><\/h3>\n\t\n\t\t\t\t\n\t\t\t<div class=\"wordcamp-block__item-content wordcamp-sessions__content is-full\"><p class=\"wp-block-paragraph\">Crear un sitio de membres\u00eda con LearnDash. Sin usar un plugin de paga de membres\u00eda. Como bloquear el acceso a ciertos cursos, crear la p\u00e1gina de precios y enlazarlo con WooCommerce.<\/p>\n<\/div>\t\n\t<\/div>\n\n<\/li><li class=\"wordcamp-post-list__post wordcamp-clearfix\">\n<div class=\"wordcamp-session wordcamp-sessions__post slug-tipos-de-sitios-en-wordpress-dinamico-o-estatico\">\n\t<h3 class=\"wordcamp-block__item-title wordcamp-sessions__title\"><a href=\"https:\/\/nicaragua.wordcamp.org\/2021\/session\/tipos-de-sitios-en-wordpress-dinamico-o-estatico\/\">Tipos de Sitios en WordPress \u00bfDin\u00e1mico o Est\u00e1tico?<\/a><\/h3>\n\t\n\t\t\t\t\n\t\t\t<div class=\"wordcamp-block__item-content wordcamp-sessions__content is-full\"><p class=\"wp-block-paragraph\">Una de las primeras decisiones que debemos tomar cuando vamos a iniciar un proyecto es que tipo de sitio necesito, porque no todos los sitios en WordPress son iguales.<br \/>\u00bfCu\u00e1l se adapta mejor a mi proyecto?<br \/>\u00bfDin\u00e1mico o Est\u00e1tico, C\u00faal es la diferencia?<\/p>\n<\/div>\t\n\t<\/div>\n\n<\/li><li class=\"wordcamp-post-list__post wordcamp-clearfix\">\n<div class=\"wordcamp-session wordcamp-sessions__post slug-jamstack-usando-wordpress-como-headless-cms\">\n\t<h3 class=\"wordcamp-block__item-title wordcamp-sessions__title\"><a href=\"https:\/\/nicaragua.wordcamp.org\/2021\/session\/jamstack-usando-wordpress-como-headless-cms\/\">JAMStack usando WordPress como Headless CMS<\/a><\/h3>\n\t\n\t\t\t\t\n\t\t\t<div class=\"wordcamp-block__item-content wordcamp-sessions__content is-full\"><p class=\"wp-block-paragraph\">WordPress ha venido adaptandose a las necesidades del mercado, y una de ellas ha sido poder consumir su contenido mediante de sus APIs, GraphQL endpoint, etc.<\/p>\n<p class=\"wp-block-paragraph\">Usarlo como Headless CMS es una opci\u00f3n atractiva si est\u00e1s haciendo tu propia UI con alguna otra librer\u00eda de UI.<\/p>\n<p class=\"wp-block-paragraph\">En esta charla pretendo explicar un poco c\u00f3mo ha sido esa estrategia.<\/p>\n<\/div>\t\n\t<\/div>\n\n<\/li><li class=\"wordcamp-post-list__post wordcamp-clearfix\">\n<div class=\"wordcamp-session wordcamp-sessions__post slug-wordpress-lo-hacemos-entre-todos\">\n\t<h3 class=\"wordcamp-block__item-title wordcamp-sessions__title\"><a href=\"https:\/\/nicaragua.wordcamp.org\/2021\/session\/wordpress-lo-hacemos-entre-todos\/\">WordPress lo hacemos entre todos<\/a><\/h3>\n\t\n\t\t\t\t\n\t\t\t<div class=\"wordcamp-block__item-content wordcamp-sessions__content is-full\"><p class=\"wp-block-paragraph\">En esta charla aprenderemos la importancia de contribuir y nos introduciremos en las diversas formas en que podemos formar parte y aportar con nuestro tiempo y conocimientos al proyecto WordPress.<\/p>\n<\/div>\t\n\t<\/div>\n\n<\/li><li class=\"wordcamp-post-list__post wordcamp-clearfix\">\n<div class=\"wordcamp-session wordcamp-sessions__post slug-tips-para-preparar-una-charla-en-video-grabada-o-en-directo\">\n\t<h3 class=\"wordcamp-block__item-title wordcamp-sessions__title\"><a href=\"https:\/\/nicaragua.wordcamp.org\/2021\/session\/tips-para-preparar-una-charla-en-video-grabada-o-en-directo\/\">Tips para preparar una charla en v\u00eddeo (grabada o en directo)<\/a><\/h3>\n\t\n\t\t\t\t\n\t\t\t<div class=\"wordcamp-block__item-content wordcamp-sessions__content is-full\"><p class=\"wp-block-paragraph\">Hablar delante de una c\u00e1mara para una presentaci\u00f3n, una conferencia, una ponencia, para tu equipo de trabajo, o incluso s\u00f3lo para tu jefe o tu cliente; puede ser intimidatorio, abrumador o inquietante.<br \/>Te explicar\u00e9 algunas cosas a tener en cuenta a la hora de preparar una charla, una reuni\u00f3n, o un evento en donde tengas que explicar algo delante de una c\u00e1mara a varias personas.<\/p>\n<\/div>\t\n\t<\/div>\n\n<\/li><li class=\"wordcamp-post-list__post wordcamp-clearfix\">\n<div class=\"wordcamp-session wordcamp-sessions__post slug-claves-para-navegar-las-tecnologias-en-linea-de-tu-negocio-sin-enredarte-en-el-intento\">\n\t<h3 class=\"wordcamp-block__item-title wordcamp-sessions__title\"><a href=\"https:\/\/nicaragua.wordcamp.org\/2021\/session\/claves-para-navegar-las-tecnologias-en-linea-de-tu-negocio-sin-enredarte-en-el-intento\/\">Claves para navegar las tecnolog\u00edas en l\u00ednea de tu negocio, sin enredarte en el intento.<\/a><\/h3>\n\t\n\t\t\t\t\n\t\t\t<div class=\"wordcamp-block__item-content wordcamp-sessions__content is-full\"><p class=\"wp-block-paragraph\">Ahora m\u00e1s que nunca necesitas llevar tu negocio al &#8220;mundo online&#8221; y escuchamos por todo lados a diversos expertos que hablan de una herramienta o la otra, o alguna metodolog\u00eda o plataforma que &#8220;tienes que ensayar&#8221; para tener exito en Internet.<\/p>\n<p class=\"wp-block-paragraph\">Pero muchos de estos nombres, terminos y tecnisismos resultan confusos para muchos y para serte sincera, a muchos de mis clientes emprendedores les suena como que les estuvieran hablando en &#8220;chino&#8221;.<\/p>\n<p class=\"wp-block-paragraph\">La verdad es que en el mundo de los negocios en l\u00ednea, como en la vida, existen multiples caminos posibles para llegar al exito, algunos son adecuados para tu negocio, otros no tanto. Pero para saber elegir entre estos, no necesitas un post-grado en informatica.<\/p>\n<p class=\"wp-block-paragraph\">Existen unas claves b\u00e1sicas que te voy a explicar en esta charla, que te pueden servir como un &#8220;mapa&#8221; o una gu\u00eda para que puedas &#8220;navegar&#8221; por tu cuenta, el mundo de los negocios online, sin naufragar con tecnisismos (ni con siglas raras en ingl\u00e9s).<\/p>\n<\/div>\t\n\t<\/div>\n\n<\/li><li class=\"wordcamp-post-list__post wordcamp-clearfix\">\n<div class=\"wordcamp-session wordcamp-sessions__post slug-como-hacer-una-auditoria-seo-minima-viable-en-30-minutos\">\n\t<h3 class=\"wordcamp-block__item-title wordcamp-sessions__title\"><a href=\"https:\/\/nicaragua.wordcamp.org\/2021\/session\/como-hacer-una-auditoria-seo-minima-viable-en-30-minutos\/\">C\u00f3mo hacer una auditor\u00eda SEO m\u00ednima viable en 30 minutos<\/a><\/h3>\n\t\n\t\t\t\t\n\t\t\t<div class=\"wordcamp-block__item-content wordcamp-sessions__content is-full\"><p class=\"wp-block-paragraph\">Aprende a hacer una auditor\u00eda SEO para proyectos propios y\/o de clientes en 30 minutos. Esta te permitir\u00e1 tener una vista previa r\u00e1pida del proyecto y, a partir de ah\u00ed, definir d\u00f3nde enfocarte para conseguir los mejores resultados en posicionamiento.<\/p>\n<\/div>\t\n\t<\/div>\n\n<\/li><li class=\"wordcamp-post-list__post wordcamp-clearfix\">\n<div class=\"wordcamp-session wordcamp-sessions__post slug-emprendiendo-en-digital\">\n\t<h3 class=\"wordcamp-block__item-title wordcamp-sessions__title\"><a href=\"https:\/\/nicaragua.wordcamp.org\/2021\/session\/emprendiendo-en-digital\/\">Emprendiendo en Digital<\/a><\/h3>\n\t\n\t\t\t\t\n\t\t\t<div class=\"wordcamp-block__item-content wordcamp-sessions__content is-full\"><p class=\"wp-block-paragraph\">Emprender es \u201ctendencia\u201d porque estamos viviendo a nivel mundial escenarios que nos empujan a esto, ya sea para resolver un problema o para salir adelante por una necesidad. Pero que es emprender en digital, ser\u00e1 estar en las redes sociales o estar en un marketplace? La verdad crear un negocio en digital va m\u00e1s all\u00e1 de estar presente en un canal, es m\u00e1s bien crear tu propio medio en Internet que te permita generar ingresos, contenidos y m\u00e1s mientras duermes.<\/p>\n<\/div>\t\n\t<\/div>\n\n<\/li><li class=\"wordcamp-post-list__post wordcamp-clearfix\">\n<div class=\"wordcamp-session wordcamp-sessions__post slug-optimizacion-en-tiempos-de-covid\">\n\t<h3 class=\"wordcamp-block__item-title wordcamp-sessions__title\"><a href=\"https:\/\/nicaragua.wordcamp.org\/2021\/session\/optimizacion-en-tiempos-de-covid\/\">Optimizaci\u00f3n en tiempos de Covid<\/a><\/h3>\n\t\n\t\t\t\t\n\t\t\t<div class=\"wordcamp-block__item-content wordcamp-sessions__content is-full\"><p class=\"wp-block-paragraph\">A\u00fan en medio de una pandemia, Google nos ha &#8220;regalado&#8221; el cambio del algoritmo para posicionamiento, enfoc\u00e1ndose ahora en los Core Web Vitals. Vamos a darle gusto a Google y te mostrar\u00e9 algunas t\u00e9cnicas para mejorar los Web Vitals y conseguir un mejor posicionamiento en el motor de b\u00fasquedas.<\/p>\n<\/div>\t\n\t<\/div>\n\n<\/li><li class=\"wordcamp-post-list__post wordcamp-clearfix\">\n<div class=\"wordcamp-session wordcamp-sessions__post slug-entornos-de-desarrollo-locales-para-wordpress-con-ddev\">\n\t<h3 class=\"wordcamp-block__item-title wordcamp-sessions__title\"><a href=\"https:\/\/nicaragua.wordcamp.org\/2021\/session\/entornos-de-desarrollo-locales-para-wordpress-con-ddev\/\">Entornos de desarrollo locales para WordPress con DDEV<\/a><\/h3>\n\t\n\t\t\t\t\n\t\t\t<div class=\"wordcamp-block__item-content wordcamp-sessions__content is-full\"><p class=\"wp-block-paragraph\">DDEV es una herramienta open source basada en Docker que permite implementar entornos de desarrollo locales para PHP de forma simple. WordPress es uno de los muchos proyectos soportados. En esta charla presentaremos c\u00f3mo utilizar DDEV para montar un sitio WordPress desde cero. Tambi\u00e9n se mostrar\u00e1 c\u00f3mo restaurar y exportar base de datos, importar archivos y ejecutar WP CLI para administrar el sitio web. Finalmente, hablaremos de otras opciones que brinda la herramienta como depuraci\u00f3n de c\u00f3digo, an\u00e1lisis de rendimiento, e integraci\u00f3n con plataformas de alojamiento.<\/p>\n<figure class=\"wp-block-embed is-type-video is-provider-wordpress-tv wp-block-embed-wordpress-tv wp-embed-aspect-16-9 wp-has-aspect-ratio\">\n<div class=\"wp-block-embed__wrapper\">\n<iframe title=\"VideoPress Video Player\" aria-label='VideoPress Video Player' width='580' height='326' src='https:\/\/video.wordpress.com\/embed\/OHX69Svu?hd=1&amp;cover=1' frameborder='0' allowfullscreen allow='clipboard-write'><\/iframe><script src='https:\/\/v0.wordpress.com\/js\/next\/videopress-iframe.js?m=1674852142'><\/script>\n<\/div>\n<\/figure>\n<\/div>\t\n\t<\/div>\n\n<\/li><li class=\"wordcamp-post-list__post wordcamp-clearfix\">\n<div class=\"wordcamp-session wordcamp-sessions__post slug-estrategia-de-redes-sociales-para-el-desarrollo-de-marcas\">\n\t<h3 class=\"wordcamp-block__item-title wordcamp-sessions__title\"><a href=\"https:\/\/nicaragua.wordcamp.org\/2021\/session\/estrategia-de-redes-sociales-para-el-desarrollo-de-marcas\/\">Estrategia de redes sociales, para el desarrollo de marcas<\/a><\/h3>\n\t\n\t\t\t\t\n\t\t\t<div class=\"wordcamp-block__item-content wordcamp-sessions__content is-full\"><p class=\"wp-block-paragraph\">Veremos un poco acerca del \u00bfQuien? &#8211; \u00bfQue? &#8211; \u00bfCuando? &#8211; \u00bfDonde? y \u00bfPorque? de una estrategia digital.<\/p>\n<p class=\"wp-block-paragraph\">En esta ocasi\u00f3n nos enfocaremos en Instagram, veremos un par de Hacks que me han servido al momento de construir una marca.<\/p>\n<p class=\"wp-block-paragraph\">Adicional, te compartir\u00e9 algunos recursos que pueden resultarte interesantes, al momento de crear la estrategia digital para tu marca personal o tu negocio.<\/p>\n<figure class=\"wp-block-embed is-type-video is-provider-wordpress-tv wp-block-embed-wordpress-tv wp-embed-aspect-16-9 wp-has-aspect-ratio\">\n<div class=\"wp-block-embed__wrapper\">\n<iframe title=\"VideoPress Video Player\" aria-label='VideoPress Video Player' width='580' height='326' src='https:\/\/video.wordpress.com\/embed\/2A3fmsd4?hd=1&amp;cover=1' frameborder='0' allowfullscreen allow='clipboard-write'><\/iframe><script src='https:\/\/v0.wordpress.com\/js\/next\/videopress-iframe.js?m=1674852142'><\/script>\n<\/div>\n<\/figure>\n<\/div>\t\n\t<\/div>\n\n<\/li><li class=\"wordcamp-post-list__post wordcamp-clearfix\">\n<div class=\"wordcamp-session wordcamp-sessions__post slug-intenciones-de-busqueda-pon-tu-estrategia-de-contenido-seo-en-orbita-con-ellas\">\n\t<h3 class=\"wordcamp-block__item-title wordcamp-sessions__title\"><a href=\"https:\/\/nicaragua.wordcamp.org\/2021\/session\/intenciones-de-busqueda-pon-tu-estrategia-de-contenido-seo-en-orbita-con-ellas\/\">Intenciones de b\u00fasqueda: pon tu estrategia de CONTENIDO SEO en \u00f3rbita con ellas.<\/a><\/h3>\n\t\n\t\t\t\t\n\t\t\t<div class=\"wordcamp-block__item-content wordcamp-sessions__content is-full\"><p class=\"wp-block-paragraph\">La charla pretende demostrar que las estrategias de SEO CONTENT deben girar, en gran parte, en torno a responder las preguntas que tienen las personas que usan los buscadores. (El hilo conductor ORBITAR estar\u00e1 ambientando en el espacio y el sistema solar)<br \/>Aunque sabemos que siempre que alguien ingresa una consulta de b\u00fasqueda en un motor de b\u00fasqueda, est\u00e1 buscando algo y tiene una intenci\u00f3n, olvidamos escribir para esa intenci\u00f3n. Por ello, vamos a revisar de forma pr\u00e1ctica los 4 tipos de intenciones de busquedas y su relaci\u00f3n con las palabras clave, eligiendo palabras clave que coincidan con las intenciones de b\u00fasqueda de la audiencia a la que queremos llegar.<\/p>\n<p class=\"wp-block-paragraph\">De igual manera, mostraremos c\u00f3mo la intenci\u00f3n de b\u00fasqueda afecta el estilo de escritura y c\u00f3mo la intenci\u00f3n de la marca junto con el prop\u00f3sito del texto tambi\u00e9n, se relacionan con todo lo que escribimos en la red. Y se pondr\u00e1n ejemplos pr\u00e1cticos para confirmar que funciona.<\/p>\n<\/div>\t\n\t<\/div>\n\n<\/li><li class=\"wordcamp-post-list__post wordcamp-clearfix\">\n<div class=\"wordcamp-session wordcamp-sessions__post slug-clausura-wordcamp-nicaragua-2021\">\n\t<h3 class=\"wordcamp-block__item-title wordcamp-sessions__title\"><a href=\"https:\/\/nicaragua.wordcamp.org\/2021\/session\/clausura-wordcamp-nicaragua-2021\/\">Clausura WordCamp Nicaragua 2021<\/a><\/h3>\n\t\n\t\t\t\t\n\t\t\t<div class=\"wordcamp-block__item-content wordcamp-sessions__content is-full\"><p class=\"wp-block-paragraph\">Clausura WordCamp Nicaragua 2021<\/p>\n<\/div>\t\n\t<\/div>\n\n<\/li><li class=\"wordcamp-post-list__post wordcamp-clearfix\">\n<div class=\"wordcamp-session wordcamp-sessions__post slug-orientaciones-iniciales-para-el-contributor-day\">\n\t<h3 class=\"wordcamp-block__item-title wordcamp-sessions__title\"><a href=\"https:\/\/nicaragua.wordcamp.org\/2021\/session\/orientaciones-iniciales-para-el-contributor-day\/\">Orientaciones iniciales para el Contributor Day<\/a><\/h3>\n\t\n\t\t\t\t\n\t\t\t<div class=\"wordcamp-block__item-content wordcamp-sessions__content is-full\"><p class=\"wp-block-paragraph\">\n<h3 class=\"wp-block-heading\"><a href=\"https:\/\/nicaragua.wordcamp.org\/2021\/programa-sabado-9-de-octubre\/\">Unete al Contributor Day<\/a><\/h3>\n<p class=\"wp-block-paragraph\">\n<\/div>\t\n\t<\/div>\n\n<\/li><li class=\"wordcamp-post-list__post wordcamp-clearfix\">\n<div class=\"wordcamp-session wordcamp-sessions__post slug-mesas-de-contribucion\">\n\t<h3 class=\"wordcamp-block__item-title wordcamp-sessions__title\"><a href=\"https:\/\/nicaragua.wordcamp.org\/2021\/session\/mesas-de-contribucion\/\">Mesas de contribucion<\/a><\/h3>\n\t\n\t\t\t\t\n\t\t\t<div class=\"wordcamp-block__item-content wordcamp-sessions__content is-full\"><h3 class=\"wp-block-heading\"><a href=\"https:\/\/nicaragua.wordcamp.org\/2021\/programa-sabado-9-de-octubre\/\">Unete al contributor<\/a><\/h3>\n<p class=\"wp-block-paragraph\">\n<\/div>\t\n\t<\/div>\n\n<\/li><\/ul>","protected":false},"excerpt":{"rendered":"","protected":false},"author":14939500,"featured_media":0,"parent":0,"menu_order":0,"comment_status":"closed","ping_status":"closed","template":"templates\/template-full-width.php","meta":{"_crdt_document":"","footnotes":""},"class_list":["post-9","page","type-page","status-publish","hentry"],"jetpack_sharing_enabled":true,"_links":{"self":[{"href":"https:\/\/nicaragua.wordcamp.org\/2021\/wp-json\/wp\/v2\/pages\/9","targetHints":{"allow":["GET"]}}],"collection":[{"href":"https:\/\/nicaragua.wordcamp.org\/2021\/wp-json\/wp\/v2\/pages"}],"about":[{"href":"https:\/\/nicaragua.wordcamp.org\/2021\/wp-json\/wp\/v2\/types\/page"}],"author":[{"embeddable":true,"href":"https:\/\/nicaragua.wordcamp.org\/2021\/wp-json\/wp\/v2\/users\/14939500"}],"replies":[{"embeddable":true,"href":"https:\/\/nicaragua.wordcamp.org\/2021\/wp-json\/wp\/v2\/comments?post=9"}],"version-history":[{"count":2,"href":"https:\/\/nicaragua.wordcamp.org\/2021\/wp-json\/wp\/v2\/pages\/9\/revisions"}],"predecessor-version":[{"id":672,"href":"https:\/\/nicaragua.wordcamp.org\/2021\/wp-json\/wp\/v2\/pages\/9\/revisions\/672"}],"wp:attachment":[{"href":"https:\/\/nicaragua.wordcamp.org\/2021\/wp-json\/wp\/v2\/media?parent=9"}],"curies":[{"name":"wp","href":"https:\/\/api.w.org\/{rel}","templated":true}]}}