{"id":13,"date":"2025-03-09T11:29:22","date_gmt":"2025-03-09T17:29:22","guid":{"rendered":"https:\/\/nicaragua.wordcamp.org\/2025\/?page_id=13"},"modified":"2025-07-24T11:25:29","modified_gmt":"2025-07-24T17:25:29","slug":"entradas","status":"publish","type":"page","link":"https:\/\/nicaragua.wordcamp.org\/2025\/entradas\/","title":{"rendered":"Entradas"},"content":{"rendered":"\n<div class=\"wp-block-group alignfull has-custom-wc-blue-background-color has-background has-global-padding is-layout-constrained wp-block-group-is-layout-constrained\">\n<div class=\"wp-block-group alignwide has-global-padding is-layout-constrained wp-block-group-is-layout-constrained\">\n<div class=\"wp-block-cover is-light\" style=\"padding-right:0px;padding-left:0px;min-height:100vh;aspect-ratio:unset;\"><img loading=\"lazy\" decoding=\"async\" width=\"1226\" height=\"583\" class=\"wp-block-cover__image-background wp-image-340 size-full\" alt=\"\" src=\"https:\/\/nicaragua.wordcamp.org\/2025\/files\/2025\/03\/Tickets_Decoration.png\" data-object-fit=\"cover\" srcset=\"https:\/\/nicaragua.wordcamp.org\/2025\/files\/2025\/03\/Tickets_Decoration.png 1226w, https:\/\/nicaragua.wordcamp.org\/2025\/files\/2025\/03\/Tickets_Decoration-300x143.png 300w, https:\/\/nicaragua.wordcamp.org\/2025\/files\/2025\/03\/Tickets_Decoration-1024x487.png 1024w, https:\/\/nicaragua.wordcamp.org\/2025\/files\/2025\/03\/Tickets_Decoration-768x365.png 768w, https:\/\/nicaragua.wordcamp.org\/2025\/files\/2025\/03\/Tickets_Decoration-500x238.png 500w\" sizes=\"auto, (max-width: 1226px) 100vw, 1226px\" \/><span aria-hidden=\"true\" class=\"wp-block-cover__background has-background-dim-0 has-background-dim\"><\/span><div class=\"wp-block-cover__inner-container has-global-padding is-layout-constrained wp-container-core-cover-is-layout-fe47c81a wp-block-cover-is-layout-constrained\">\n<div class=\"wp-block-columns is-layout-flex wp-container-core-columns-is-layout-930d3512 wp-block-columns-is-layout-flex\">\n<div class=\"wp-block-column is-layout-flow wp-block-column-is-layout-flow\">\n<h3 class=\"wp-block-heading has-text-align-left has-base-2-color has-text-color has-link-color wp-elements-f82d89147a8f667a6da8ccc95fc56d47\" style=\"margin-top:0rem;padding-top:0px;padding-bottom:0px;font-size:clamp(1.119rem, 1.119rem + ((1vw - 0.2rem) * 1.018), 1.75rem);line-height:1.2;text-transform:uppercase\">Centro de<\/h3>\n\n\n\n<h3 class=\"wp-block-heading has-text-align-left has-base-2-color has-text-color has-link-color wp-elements-ab2f471145869b2e77b02b7dbcaca58b\" style=\"margin-top:0rem;padding-top:0px;padding-bottom:0px;font-size:clamp(1.119rem, 1.119rem + ((1vw - 0.2rem) * 1.018), 1.75rem);line-height:1.2;text-transform:uppercase\">Convenciones<\/h3>\n\n\n\n<h3 class=\"wp-block-heading has-text-align-left has-base-2-color has-text-color has-link-color wp-elements-c70fc3dc897b31d4d3157bfa35c77e9b\" style=\"margin-top:0rem;padding-top:0px;padding-bottom:0px;font-size:clamp(1.119rem, 1.119rem + ((1vw - 0.2rem) * 1.018), 1.75rem);line-height:1.2;text-transform:uppercase\">HEX, Managua<\/h3>\n\n\n\n<h5 class=\"wp-block-heading has-text-align-left has-custom-wc-green-color has-text-color has-link-color wp-elements-f6706d1e213d4b565955e4fc8ee9dc43\" style=\"margin-top:0rem;font-size:clamp(0.875rem, 0.875rem + ((1vw - 0.2rem) * 0.605), 1.25rem);line-height:1.5;text-transform:uppercase\">Lugar<\/h5>\n<\/div>\n\n\n\n<div class=\"wp-block-column is-layout-flow wp-block-column-is-layout-flow\">\n<figure class=\"wp-block-image size-full\"><img loading=\"lazy\" decoding=\"async\" width=\"345\" height=\"220\" src=\"https:\/\/nicaragua.wordcamp.org\/2025\/files\/2025\/03\/WCNI2025_logo_white.png\" alt=\"\" class=\"wp-image-341\" srcset=\"https:\/\/nicaragua.wordcamp.org\/2025\/files\/2025\/03\/WCNI2025_logo_white.png 345w, https:\/\/nicaragua.wordcamp.org\/2025\/files\/2025\/03\/WCNI2025_logo_white-300x191.png 300w\" sizes=\"auto, (max-width: 345px) 100vw, 345px\" \/><\/figure>\n\n\n\n<div style=\"height:6.5rem\" aria-hidden=\"true\" class=\"wp-block-spacer\"><\/div>\n\n\n\n<div class=\"wp-block-buttons is-content-justification-center is-layout-flex wp-container-core-buttons-is-layout-0aa01211 wp-block-buttons-is-layout-flex\">\n<div class=\"wp-block-button btn-primary\"><a class=\"wp-block-button__link has-custom-wc-black-color has-custom-wc-orange-background-color has-text-color has-background has-link-color has-text-align-center has-custom-font-size wp-element-button\" style=\"border-style:none;border-width:0px;border-radius:0px;padding-top:1.22rem;padding-right:1.88rem;padding-bottom:1.22rem;padding-left:1.88rem;font-size:clamp(0.875rem, 0.875rem + ((1vw - 0.2rem) * 0.202), 1rem);font-style:normal;font-weight:700;letter-spacing:0.25rem\">ENTRADAs AGOTADAS<\/a><\/div>\n<\/div>\n<\/div>\n\n\n\n<div class=\"wp-block-column is-vertically-aligned-bottom is-layout-flow wp-block-column-is-layout-flow\">\n<h3 class=\"wp-block-heading has-text-align-right has-base-2-color has-text-color has-link-color wp-elements-dbd067a76e71a7c9487fa3b0f03c14e3\" style=\"margin-top:0rem;padding-top:0px;padding-bottom:0px;font-size:clamp(1.119rem, 1.119rem + ((1vw - 0.2rem) * 1.018), 1.75rem);line-height:1.2;text-transform:uppercase\">S\u00c1BADO 26 DE<\/h3>\n\n\n\n<h3 class=\"wp-block-heading has-text-align-right has-base-2-color has-text-color has-link-color wp-elements-5d80b95db32175790f22fa9f403653a7\" style=\"margin-top:0rem;padding-top:0px;padding-bottom:0px;font-size:clamp(1.119rem, 1.119rem + ((1vw - 0.2rem) * 1.018), 1.75rem);line-height:1.2;text-transform:uppercase\">JULIO DE 2025<\/h3>\n\n\n\n<h5 class=\"wp-block-heading has-text-align-right has-custom-wc-green-color has-text-color has-link-color wp-elements-d13c5a0a0362765aa5dc960286be680b\" style=\"margin-top:0rem;font-size:clamp(0.875rem, 0.875rem + ((1vw - 0.2rem) * 0.605), 1.25rem);line-height:1.5;text-transform:uppercase\">FECHA<\/h5>\n<\/div>\n<\/div>\n\n\n\n<div style=\"height:2.5rem\" aria-hidden=\"true\" class=\"wp-block-spacer\"><\/div>\n\n\n\n<p class=\"has-text-align-center has-base-2-color has-text-color has-link-color has-archivo-font-family wp-elements-8597dfaf263aef047ad97f32d3a1e783 wp-block-paragraph\" style=\"letter-spacing:0.06rem\">Las entradas al WordCamp Nicaragua 2025 est\u00e1n agotadas.<\/p>\n<\/div><\/div>\n<\/div>\n<\/div>\n\n\n\n<div class=\"wp-block-group alignfull has-custom-wc-green-background-color has-background has-global-padding is-layout-constrained wp-block-group-is-layout-constrained\" id=\"comprar\" style=\"margin-top:0px;margin-bottom:0px\">\n<div class=\"wp-block-group has-global-padding is-layout-constrained wp-block-group-is-layout-constrained\">\n<div style=\"height:5rem\" aria-hidden=\"true\" class=\"wp-block-spacer\"><\/div>\n\n\n\n<h2 class=\"wp-block-heading has-text-align-left has-custom-wc-black-color has-text-color has-link-color wp-elements-8b6a90efc47b1bd307974d4d5df34ce5\" style=\"font-size:clamp(1.566rem, 1.566rem + ((1vw - 0.2rem) * 1.716), 2.63rem);text-transform:uppercase\">\u00bfQu\u00e9 incluye tu Entrada?<\/h2>\n\n\n\n<div style=\"height:2.55rem\" aria-hidden=\"true\" class=\"wp-block-spacer\"><\/div>\n\n\n\n<div class=\"wp-block-columns is-layout-flex wp-container-core-columns-is-layout-930d3512 wp-block-columns-is-layout-flex\">\n<div class=\"wp-block-column has-base-2-color has-custom-wc-blue-background-color has-text-color has-background has-link-color wp-elements-ccccea9a6d85ffd9a91a12788a5626df is-layout-flow wp-block-column-is-layout-flow\" style=\"padding-top:1.5rem;padding-right:1.5rem;padding-bottom:1.5rem;padding-left:1.5rem;font-size:clamp(0.984rem, 0.984rem + ((1vw - 0.2rem) * 0.832), 1.5rem);font-style:normal;font-weight:500;line-height:1.25;text-transform:uppercase\">\n<ul class=\"wp-block-list\">\n<li style=\"margin-right:var(--wp--preset--spacing--10);margin-left:var(--wp--preset--spacing--10)\">Acceso a todas las charlas y actividades durante el evento.<\/li>\n<\/ul>\n<\/div>\n\n\n\n<div class=\"wp-block-column has-base-2-color has-custom-wc-blue-background-color has-text-color has-background has-link-color wp-elements-49a85f995a83c55ab37e22ea8bbb7b7e is-layout-flow wp-block-column-is-layout-flow\" style=\"padding-top:1.5rem;padding-right:1.5rem;padding-bottom:1.5rem;padding-left:1.5rem;font-size:clamp(0.984rem, 0.984rem + ((1vw - 0.2rem) * 0.832), 1.5rem);font-style:normal;font-weight:500;line-height:1.25;text-transform:uppercase\">\n<ul class=\"wp-block-list\">\n<li style=\"margin-right:var(--wp--preset--spacing--10);margin-left:var(--wp--preset--spacing--10)\">Almuerzo y coffee break para recargar energ\u00edas.<\/li>\n<\/ul>\n<\/div>\n<\/div>\n\n\n\n<div class=\"wp-block-columns is-layout-flex wp-container-core-columns-is-layout-930d3512 wp-block-columns-is-layout-flex\">\n<div class=\"wp-block-column has-base-2-color has-custom-wc-blue-background-color has-text-color has-background has-link-color wp-elements-0c71fc5efbe0729c6a527c8cfc9e4ed5 is-layout-flow wp-block-column-is-layout-flow\" style=\"padding-top:1.5rem;padding-right:1.5rem;padding-bottom:1.5rem;padding-left:1.5rem;font-size:clamp(0.984rem, 0.984rem + ((1vw - 0.2rem) * 0.832), 1.5rem);font-style:normal;font-weight:500;line-height:1.25;text-transform:uppercase\">\n<ul class=\"wp-block-list\">\n<li style=\"margin-right:var(--wp--preset--spacing--10);margin-left:var(--wp--preset--spacing--10)\">Acceso al Contributor Day, donde pod\u00e9s aprender c\u00f3mo aportar a WordPress.<\/li>\n<\/ul>\n<\/div>\n\n\n\n<div class=\"wp-block-column has-base-2-color has-custom-wc-blue-background-color has-text-color has-background has-link-color wp-elements-68e6795edce7df6f3e05a9c49e70cbe3 is-layout-flow wp-block-column-is-layout-flow\" style=\"padding-top:1.5rem;padding-right:1.5rem;padding-bottom:1.5rem;padding-left:1.5rem;font-size:clamp(0.984rem, 0.984rem + ((1vw - 0.2rem) * 0.832), 1.5rem);font-style:normal;font-weight:500;line-height:1.25;text-transform:uppercase\">\n<ul class=\"wp-block-list\">\n<li style=\"margin-top:0;margin-right:var(--wp--preset--spacing--10);margin-bottom:0;margin-left:var(--wp--preset--spacing--10)\">Paquete de bienvenida con camiseta oficial y swag exclusivo.<\/li>\n<\/ul>\n<\/div>\n<\/div>\n\n\n\n<div class=\"wp-block-columns is-layout-flex wp-container-core-columns-is-layout-930d3512 wp-block-columns-is-layout-flex\">\n<div class=\"wp-block-column has-base-2-color has-custom-wc-blue-background-color has-text-color has-background has-link-color wp-elements-d1ce06e0b4fdbb6dac2b5cbb3f971147 is-layout-flow wp-block-column-is-layout-flow\" style=\"padding-top:1.5rem;padding-right:1.5rem;padding-bottom:1.5rem;padding-left:1.5rem;font-size:clamp(0.984rem, 0.984rem + ((1vw - 0.2rem) * 0.832), 1.5rem);font-style:normal;font-weight:500;line-height:1.25;text-transform:uppercase\">\n<ul class=\"wp-block-list\">\n<li style=\"margin-top:0;margin-right:var(--wp--preset--spacing--10);margin-bottom:0;margin-left:var(--wp--preset--spacing--10);padding-top:0;padding-bottom:0\">Invitaci\u00f3n al After Party, el cierre perfecto para celebrar con la comunidad.<\/li>\n<\/ul>\n<\/div>\n<\/div>\n\n\n\n<div class=\"wp-block-columns is-layout-flex wp-container-core-columns-is-layout-2687b655 wp-block-columns-is-layout-flex\" style=\"margin-top:var(--wp--preset--spacing--30);margin-bottom:var(--wp--preset--spacing--20);padding-right:var(--wp--preset--spacing--20);padding-left:var(--wp--preset--spacing--20)\">\n<div class=\"wp-block-column is-layout-flow wp-block-column-is-layout-flow\">\n<h4 class=\"wp-block-heading has-text-align-center has-medium-font-size\">LAS ENTRADAS AL WORDCAMP NICARAGUA 2025 EST\u00c1N AGOTADAS<\/h4>\n<\/div>\n<\/div>\n\n\n\n<div style=\"height:60px\" aria-hidden=\"true\" class=\"wp-block-spacer\"><\/div>\n<\/div>\n<\/div>\n\n\n\n<div class=\"wp-block-group alignfull has-background has-global-padding is-layout-constrained wp-block-group-is-layout-constrained\" id=\"comprar\" style=\"background-color:#dadada;margin-top:0px;margin-bottom:0px\">\n<div class=\"wp-block-group has-global-padding is-layout-constrained wp-block-group-is-layout-constrained\">\n<div style=\"height:5rem\" aria-hidden=\"true\" class=\"wp-block-spacer\"><\/div>\n\n\n\n<h2 class=\"wp-block-heading has-text-align-center has-custom-wc-blue-color has-text-color has-link-color wp-elements-303d8e53e826ede18d8712b2f32537d3\" style=\"font-size:clamp(1.861rem, 1.861rem + ((1vw - 0.2rem) * 2.24), 3.25rem);text-transform:uppercase\">entradaS AGOTADAS<\/h2>\n\n\n\n<p class=\"has-text-align-center wp-block-paragraph\"><em><strong>Las entradas al WordCamp Nicaragua 2025 est\u00e1n agotadas.<\/strong><\/em><\/p>\n\n\n\n<div style=\"height:5rem\" aria-hidden=\"true\" class=\"wp-block-spacer\"><\/div>\n<\/div>\n<\/div>\n","protected":false},"excerpt":{"rendered":"<p>\u00bfQu\u00e9 incluye tu Entrada? LAS ENTRADAS AL WORDCAMP NICARAGUA 2025 EST\u00c1N AGOTADAS entradaS AGOTADAS Las entradas al WordCamp Nicaragua 2025 est\u00e1n agotadas.<\/p>\n","protected":false},"author":10987929,"featured_media":0,"parent":0,"menu_order":0,"comment_status":"closed","ping_status":"closed","template":"page-no-title","meta":{"_crdt_document":"","advanced_seo_description":"","jetpack_seo_html_title":"","jetpack_seo_noindex":false,"jetpack_post_was_ever_published":false,"footnotes":""},"class_list":["post-13","page","type-page","status-publish","hentry"],"jetpack_sharing_enabled":true,"_links":{"self":[{"href":"https:\/\/nicaragua.wordcamp.org\/2025\/wp-json\/wp\/v2\/pages\/13","targetHints":{"allow":["GET"]}}],"collection":[{"href":"https:\/\/nicaragua.wordcamp.org\/2025\/wp-json\/wp\/v2\/pages"}],"about":[{"href":"https:\/\/nicaragua.wordcamp.org\/2025\/wp-json\/wp\/v2\/types\/page"}],"author":[{"embeddable":true,"href":"https:\/\/nicaragua.wordcamp.org\/2025\/wp-json\/wp\/v2\/users\/10987929"}],"replies":[{"embeddable":true,"href":"https:\/\/nicaragua.wordcamp.org\/2025\/wp-json\/wp\/v2\/comments?post=13"}],"version-history":[{"count":34,"href":"https:\/\/nicaragua.wordcamp.org\/2025\/wp-json\/wp\/v2\/pages\/13\/revisions"}],"predecessor-version":[{"id":2888,"href":"https:\/\/nicaragua.wordcamp.org\/2025\/wp-json\/wp\/v2\/pages\/13\/revisions\/2888"}],"wp:attachment":[{"href":"https:\/\/nicaragua.wordcamp.org\/2025\/wp-json\/wp\/v2\/media?parent=13"}],"curies":[{"name":"wp","href":"https:\/\/api.w.org\/{rel}","templated":true}]}}